{"id":6214,"date":"2022-12-13T15:06:51","date_gmt":"2022-12-13T14:06:51","guid":{"rendered":"https:\/\/intense-boutikhotel.com\/?page_id=6214"},"modified":"2022-12-16T15:10:43","modified_gmt":"2022-12-16T14:10:43","slug":"contact","status":"publish","type":"page","link":"https:\/\/intense-boutikhotel.com\/index.php\/contact\/","title":{"rendered":"Contact"},"content":{"rendered":"<p>[et_pb_section fb_built=\u00a0\u00bb1&Prime; admin_label=\u00a0\u00bbHeader\u00a0\u00bb _builder_version=\u00a0\u00bb4.19.3&Prime; _module_preset=\u00a0\u00bbdefault\u00a0\u00bb background_color=\u00a0\u00bbgcid-02132a14-0aa3-45af-abdc-389c29b58c23&Prime; use_background_color_gradient=\u00a0\u00bbon\u00a0\u00bb background_color_gradient_stops=\u00a0\u00bb#0c8cd1 0%|rgba(38,54,78,0.7) 65%\u00a0\u00bb background_color_gradient_overlays_image=\u00a0\u00bbon\u00a0\u00bb background_image=\u00a0\u00bbhttps:\/\/intense-boutikhotel.com\/wp-content\/uploads\/2022\/12\/IKM-REA-4-scaled.jpg\u00a0\u00bb parallax=\u00a0\u00bbon\u00a0\u00bb custom_padding=\u00a0\u00bb||6.6%||false|false\u00a0\u00bb hover_enabled=\u00a0\u00bb0&Prime; locked=\u00a0\u00bboff\u00a0\u00bb collapsed=\u00a0\u00bbon\u00a0\u00bb global_colors_info=\u00a0\u00bb{%22gcid-02132a14-0aa3-45af-abdc-389c29b58c23%22:%91%22background_color%22%93}\u00a0\u00bb title_text=\u00a0\u00bbIKM &#8211; REA-4&Prime; sticky_enabled=\u00a0\u00bb0&Prime;][et_pb_row _builder_version=\u00a0\u00bb4.19.3&Prime; _module_preset=\u00a0\u00bbdefault\u00a0\u00bb hover_enabled=\u00a0\u00bb0&Prime; locked=\u00a0\u00bboff\u00a0\u00bb global_colors_info=\u00a0\u00bb{}\u00a0\u00bb custom_margin_last_edited=\u00a0\u00bbon|desktop\u00a0\u00bb custom_margin=\u00a0\u00bb160px||-215px||false|false\u00a0\u00bb sticky_enabled=\u00a0\u00bb0&Prime; custom_margin_phone=\u00a0\u00bb68px||||false|false\u00a0\u00bb custom_margin_tablet=\u00a0\u00bb160px||-215px||false|false\u00a0\u00bb][et_pb_column type=\u00a0\u00bb4_4&Prime; _builder_version=\u00a0\u00bb4.18.0&Prime; _module_preset=\u00a0\u00bbdefault\u00a0\u00bb global_colors_info=\u00a0\u00bb{}\u00a0\u00bb][et_pb_text _builder_version=\u00a0\u00bb4.19.3&Prime; _module_preset=\u00a0\u00bbc16985e1-e0d6-4022-964d-e2bfc04fa633&Prime; header_font=\u00a0\u00bbSimpletix|||on|||||\u00a0\u00bb header_text_color=\u00a0\u00bbgcid-e010f2a6-5bcc-4cbf-902a-b2f60822625a\u00a0\u00bb header_font_size=\u00a0\u00bb90px\u00a0\u00bb text_orientation=\u00a0\u00bbcenter\u00a0\u00bb custom_padding=\u00a0\u00bb||4%||false|false\u00a0\u00bb hover_enabled=\u00a0\u00bb0&Prime; header_font_size_tablet=\u00a0\u00bb40px\u00a0\u00bb header_font_size_phone=\u00a0\u00bb30px\u00a0\u00bb header_font_size_last_edited=\u00a0\u00bbon|desktop\u00a0\u00bb border_color_all=\u00a0\u00bbgcid-e010f2a6-5bcc-4cbf-902a-b2f60822625a\u00a0\u00bb border_width_bottom=\u00a0\u00bb2px\u00a0\u00bb global_colors_info=\u00a0\u00bb{%22gcid-e010f2a6-5bcc-4cbf-902a-b2f60822625a%22:%91%22border_color_all%22,%22header_text_color%22%93}\u00a0\u00bb sticky_enabled=\u00a0\u00bb0&Prime;]<\/p>\n<h1>Contactez-nous<\/h1>\n<p>[\/et_pb_text][\/et_pb_column][\/et_pb_row][et_pb_row column_structure=\u00a0\u00bb1_3,1_3,1_3&Prime; _builder_version=\u00a0\u00bb4.18.0&Prime; _module_preset=\u00a0\u00bbdefault\u00a0\u00bb global_colors_info=\u00a0\u00bb{}\u00a0\u00bb][et_pb_column type=\u00a0\u00bb1_3&Prime; _builder_version=\u00a0\u00bb4.18.0&Prime; _module_preset=\u00a0\u00bbdefault\u00a0\u00bb global_colors_info=\u00a0\u00bb{}\u00a0\u00bb][et_pb_text _builder_version=\u00a0\u00bb4.19.3&Prime; _module_preset=\u00a0\u00bbaaa7c440-590a-4078-ae0c-0f3c699ac51c\u00a0\u00bb header_font=\u00a0\u00bb||||||||\u00a0\u00bb header_3_font=\u00a0\u00bbDanis|600|||||||\u00a0\u00bb header_3_text_color=\u00a0\u00bbgcid-e010f2a6-5bcc-4cbf-902a-b2f60822625a\u00a0\u00bb header_3_font_size=\u00a0\u00bb51px\u00a0\u00bb header_3_line_height=\u00a0\u00bb1.4em\u00a0\u00bb text_orientation=\u00a0\u00bbcenter\u00a0\u00bb custom_margin=\u00a0\u00bb||10px||false|false\u00a0\u00bb header_3_font_size_tablet=\u00a0\u00bb20px\u00a0\u00bb header_3_font_size_phone=\u00a0\u00bb38px\u00a0\u00bb header_3_font_size_last_edited=\u00a0\u00bbon|phone\u00a0\u00bb global_colors_info=\u00a0\u00bb{%22gcid-e010f2a6-5bcc-4cbf-902a-b2f60822625a%22:%91%22header_3_text_color%22,%22header_3_text_color%22%93}\u00a0\u00bb]<\/p>\n<h3>Email<\/h3>\n<p>[\/et_pb_text][et_pb_text _builder_version=\u00a0\u00bb4.19.2&Prime; _module_preset=\u00a0\u00bb4827deed-2a92-4d97-a22f-f01067ae6873&Prime; link_text_color=\u00a0\u00bb#FFFFFF\u00a0\u00bb header_font=\u00a0\u00bb||||||||\u00a0\u00bb header_4_font=\u00a0\u00bbPoppins|500|||||||\u00a0\u00bb header_4_line_height=\u00a0\u00bb1.2em\u00a0\u00bb text_orientation=\u00a0\u00bbcenter\u00a0\u00bb background_layout=\u00a0\u00bbdark\u00a0\u00bb custom_margin=\u00a0\u00bb||0px||false|false\u00a0\u00bb header_4_font_size_tablet=\u00a0\u00bb16px\u00a0\u00bb header_4_font_size_phone=\u00a0\u00bb14px\u00a0\u00bb header_4_font_size_last_edited=\u00a0\u00bbon|tablet\u00a0\u00bb global_colors_info=\u00a0\u00bb{}\u00a0\u00bb]<\/p>\n<h4 class=\"et_pb_module_header\"><span>resa@intense-boutikhotel.com<\/span><\/h4>\n<p>[\/et_pb_text][\/et_pb_column][et_pb_column type=\u00a0\u00bb1_3&Prime; _builder_version=\u00a0\u00bb4.18.0&Prime; _module_preset=\u00a0\u00bbdefault\u00a0\u00bb global_colors_info=\u00a0\u00bb{}\u00a0\u00bb][et_pb_text _builder_version=\u00a0\u00bb4.19.2&Prime; _module_preset=\u00a0\u00bbaaa7c440-590a-4078-ae0c-0f3c699ac51c\u00a0\u00bb header_font=\u00a0\u00bb||||||||\u00a0\u00bb header_3_font=\u00a0\u00bbDanis|600|||||||\u00a0\u00bb header_3_text_color=\u00a0\u00bbgcid-e010f2a6-5bcc-4cbf-902a-b2f60822625a\u00a0\u00bb header_3_font_size=\u00a0\u00bb51px\u00a0\u00bb header_3_line_height=\u00a0\u00bb1.4em\u00a0\u00bb text_orientation=\u00a0\u00bbcenter\u00a0\u00bb custom_margin=\u00a0\u00bb||10px||false|false\u00a0\u00bb header_3_font_size_tablet=\u00a0\u00bb20px\u00a0\u00bb header_3_font_size_phone=\u00a0\u00bb38px\u00a0\u00bb header_3_font_size_last_edited=\u00a0\u00bbon|phone\u00a0\u00bb global_colors_info=\u00a0\u00bb{%22gcid-e010f2a6-5bcc-4cbf-902a-b2f60822625a%22:%91%22header_3_text_color%22,%22header_3_text_color%22,%22header_3_text_color%22,%22header_3_text_color%22%93}\u00a0\u00bb]<\/p>\n<h3>Emplacement<\/h3>\n<p>[\/et_pb_text][et_pb_text _builder_version=\u00a0\u00bb4.19.2&Prime; _module_preset=\u00a0\u00bb4827deed-2a92-4d97-a22f-f01067ae6873&Prime; link_text_color=\u00a0\u00bb#FFFFFF\u00a0\u00bb header_font=\u00a0\u00bb||||||||\u00a0\u00bb header_4_font=\u00a0\u00bbPoppins|500|||||||\u00a0\u00bb header_4_line_height=\u00a0\u00bb1.2em\u00a0\u00bb text_orientation=\u00a0\u00bbcenter\u00a0\u00bb background_layout=\u00a0\u00bbdark\u00a0\u00bb custom_margin=\u00a0\u00bb||0px||false|false\u00a0\u00bb header_4_font_size_tablet=\u00a0\u00bb16px\u00a0\u00bb header_4_font_size_phone=\u00a0\u00bb14px\u00a0\u00bb header_4_font_size_last_edited=\u00a0\u00bbon|tablet\u00a0\u00bb global_colors_info=\u00a0\u00bb{}\u00a0\u00bb]<\/p>\n<h4><span>21 avenue Castellane, <\/span><\/h4>\n<h4><span>66660 Port-Vendres<\/span><\/h4>\n<p>[\/et_pb_text][\/et_pb_column][et_pb_column type=\u00a0\u00bb1_3&Prime; _builder_version=\u00a0\u00bb4.18.0&Prime; _module_preset=\u00a0\u00bbdefault\u00a0\u00bb global_colors_info=\u00a0\u00bb{}\u00a0\u00bb][et_pb_text _builder_version=\u00a0\u00bb4.19.2&Prime; _module_preset=\u00a0\u00bbaaa7c440-590a-4078-ae0c-0f3c699ac51c\u00a0\u00bb header_font=\u00a0\u00bb||||||||\u00a0\u00bb header_3_font=\u00a0\u00bbDanis|600|||||||\u00a0\u00bb header_3_text_color=\u00a0\u00bbgcid-e010f2a6-5bcc-4cbf-902a-b2f60822625a\u00a0\u00bb header_3_font_size=\u00a0\u00bb51px\u00a0\u00bb header_3_line_height=\u00a0\u00bb1.4em\u00a0\u00bb text_orientation=\u00a0\u00bbcenter\u00a0\u00bb custom_margin=\u00a0\u00bb||10px||false|false\u00a0\u00bb header_3_font_size_tablet=\u00a0\u00bb20px\u00a0\u00bb header_3_font_size_phone=\u00a0\u00bb38px\u00a0\u00bb header_3_font_size_last_edited=\u00a0\u00bbon|phone\u00a0\u00bb global_colors_info=\u00a0\u00bb{%22gcid-e010f2a6-5bcc-4cbf-902a-b2f60822625a%22:%91%22header_3_text_color%22,%22header_3_text_color%22,%22header_3_text_color%22%93}\u00a0\u00bb]<\/p>\n<h3>T\u00e9l\u00e9phone<\/h3>\n<p>[\/et_pb_text][et_pb_text _builder_version=\u00a0\u00bb4.19.2&Prime; _module_preset=\u00a0\u00bb4827deed-2a92-4d97-a22f-f01067ae6873&Prime; link_text_color=\u00a0\u00bb#FFFFFF\u00a0\u00bb header_font=\u00a0\u00bb||||||||\u00a0\u00bb header_4_font=\u00a0\u00bbPoppins|500|||||||\u00a0\u00bb header_4_line_height=\u00a0\u00bb1.2em\u00a0\u00bb text_orientation=\u00a0\u00bbcenter\u00a0\u00bb background_layout=\u00a0\u00bbdark\u00a0\u00bb custom_margin=\u00a0\u00bb||0px||false|false\u00a0\u00bb header_4_font_size_tablet=\u00a0\u00bb16px\u00a0\u00bb header_4_font_size_phone=\u00a0\u00bb14px\u00a0\u00bb header_4_font_size_last_edited=\u00a0\u00bbon|tablet\u00a0\u00bb global_colors_info=\u00a0\u00bb{}\u00a0\u00bb]<\/p>\n<h4><span>07 85 02 56 99<\/span><\/h4>\n<p>[\/et_pb_text][\/et_pb_column][\/et_pb_row][\/et_pb_section][et_pb_section fb_built=\u00a0\u00bb1&Prime; _builder_version=\u00a0\u00bb4.19.3&Prime; _module_preset=\u00a0\u00bbdefault\u00a0\u00bb hover_enabled=\u00a0\u00bb0&Prime; global_colors_info=\u00a0\u00bb{}\u00a0\u00bb sticky_enabled=\u00a0\u00bb0&Prime;][et_pb_row _builder_version=\u00a0\u00bb4.19.3&Prime; _module_preset=\u00a0\u00bbdefault\u00a0\u00bb hover_enabled=\u00a0\u00bb0&Prime; global_colors_info=\u00a0\u00bb{}\u00a0\u00bb sticky_enabled=\u00a0\u00bb0&Prime;][et_pb_column type=\u00a0\u00bb4_4&Prime; _builder_version=\u00a0\u00bb4.19.2&Prime; _module_preset=\u00a0\u00bbdefault\u00a0\u00bb global_colors_info=\u00a0\u00bb{}\u00a0\u00bb][et_pb_text _builder_version=\u00a0\u00bb4.19.3&Prime; _module_preset=\u00a0\u00bbb327cbe4-b1d5-4b66-ad37-40c8f2f061ba\u00a0\u00bb header_2_font=\u00a0\u00bbDanis|600|||||||\u00a0\u00bb header_2_text_color=\u00a0\u00bbgcid-e010f2a6-5bcc-4cbf-902a-b2f60822625a\u00a0\u00bb header_2_font_size=\u00a0\u00bb52px\u00a0\u00bb header_2_line_height=\u00a0\u00bb1.2em\u00a0\u00bb header_2_font_size_tablet=\u00a0\u00bb32px\u00a0\u00bb header_2_font_size_phone=\u00a0\u00bb48px\u00a0\u00bb header_2_font_size_last_edited=\u00a0\u00bbon|desktop\u00a0\u00bb global_colors_info=\u00a0\u00bb{%22gcid-e010f2a6-5bcc-4cbf-902a-b2f60822625a%22:%91%22header_2_text_color%22%93}\u00a0\u00bb]<\/p>\n<h2>Formulaire de contact<\/h2>\n<p>[\/et_pb_text][et_pb_contact_form captcha=\u00a0\u00bboff\u00a0\u00bb email=\u00a0\u00bbresa@intense-boutikhotel.com\u00a0\u00bb _builder_version=\u00a0\u00bb4.19.2&Prime; _module_preset=\u00a0\u00bb5f451234-b662-41cf-8ad7-48c40d2afa7f\u00a0\u00bb _unique_id=\u00a0\u00bbd9e3dea3-5a5a-4055-a69e-965609ad5bc9&Prime; form_field_background_color=\u00a0\u00bbRGBA(255,255,255,0)\u00a0\u00bb form_field_text_color=\u00a0\u00bb#000000&Prime; form_field_custom_padding=\u00a0\u00bb|0px||0px|false|true\u00a0\u00bb form_field_font=\u00a0\u00bbPoppins||||||||\u00a0\u00bb form_field_font_size=\u00a0\u00bb18px\u00a0\u00bb form_field_line_height=\u00a0\u00bb1.75em\u00a0\u00bb custom_button=\u00a0\u00bbon\u00a0\u00bb button_text_color=\u00a0\u00bb#FFFFFF\u00a0\u00bb button_bg_color=\u00a0\u00bb#d0a73f\u00a0\u00bb button_border_width=\u00a0\u00bb0px\u00a0\u00bb button_border_radius=\u00a0\u00bb0px\u00a0\u00bb button_font=\u00a0\u00bbPoppins|500|||||||\u00a0\u00bb button_custom_padding=\u00a0\u00bb12px|30px|12px|30px|true|true\u00a0\u00bb form_field_font_size_tablet=\u00a0\u00bb15px\u00a0\u00bb form_field_font_size_phone=\u00a0\u00bb14px\u00a0\u00bb form_field_font_size_last_edited=\u00a0\u00bbon|phone\u00a0\u00bb button_text_size_tablet=\u00a0\u00bb18px\u00a0\u00bb button_text_size_phone=\u00a0\u00bb16px\u00a0\u00bb button_text_size_last_edited=\u00a0\u00bbon|phone\u00a0\u00bb border_color_all=\u00a0\u00bbgcid-e010f2a6-5bcc-4cbf-902a-b2f60822625a\u00a0\u00bb border_width_bottom=\u00a0\u00bb2px\u00a0\u00bb locked=\u00a0\u00bboff\u00a0\u00bb global_colors_info=\u00a0\u00bb{%22gcid-e010f2a6-5bcc-4cbf-902a-b2f60822625a%22:%91%22button_bg_color%22,%22button_bg_color%22,%22border_color_all%22%93}\u00a0\u00bb][et_pb_contact_field field_id=\u00a0\u00bbNom\u00a0\u00bb field_title=\u00a0\u00bbNom\u00a0\u00bb fullwidth_field=\u00a0\u00bbon\u00a0\u00bb _builder_version=\u00a0\u00bb4.19.2&Prime; _module_preset=\u00a0\u00bbdefault\u00a0\u00bb global_colors_info=\u00a0\u00bb{}\u00a0\u00bb button_text_size__hover_enabled=\u00a0\u00bboff\u00a0\u00bb button_one_text_size__hover_enabled=\u00a0\u00bboff\u00a0\u00bb button_two_text_size__hover_enabled=\u00a0\u00bboff\u00a0\u00bb button_text_color__hover_enabled=\u00a0\u00bboff\u00a0\u00bb button_one_text_color__hover_enabled=\u00a0\u00bboff\u00a0\u00bb button_two_text_color__hover_enabled=\u00a0\u00bboff\u00a0\u00bb button_border_width__hover_enabled=\u00a0\u00bboff\u00a0\u00bb button_one_border_width__hover_enabled=\u00a0\u00bboff\u00a0\u00bb button_two_border_width__hover_enabled=\u00a0\u00bboff\u00a0\u00bb button_border_color__hover_enabled=\u00a0\u00bboff\u00a0\u00bb button_one_border_color__hover_enabled=\u00a0\u00bboff\u00a0\u00bb button_two_border_color__hover_enabled=\u00a0\u00bboff\u00a0\u00bb button_border_radius__hover_enabled=\u00a0\u00bboff\u00a0\u00bb button_one_border_radius__hover_enabled=\u00a0\u00bboff\u00a0\u00bb button_two_border_radius__hover_enabled=\u00a0\u00bboff\u00a0\u00bb button_letter_spacing__hover_enabled=\u00a0\u00bboff\u00a0\u00bb button_one_letter_spacing__hover_enabled=\u00a0\u00bboff\u00a0\u00bb button_two_letter_spacing__hover_enabled=\u00a0\u00bboff\u00a0\u00bb button_bg_color__hover_enabled=\u00a0\u00bboff\u00a0\u00bb button_one_bg_color__hover_enabled=\u00a0\u00bboff\u00a0\u00bb button_two_bg_color__hover_enabled=\u00a0\u00bboff\u00a0\u00bb][\/et_pb_contact_field][et_pb_contact_field field_id=\u00a0\u00bbEmail\u00a0\u00bb field_title=\u00a0\u00bbEmail\u00a0\u00bb field_type=\u00a0\u00bbemail\u00a0\u00bb fullwidth_field=\u00a0\u00bbon\u00a0\u00bb _builder_version=\u00a0\u00bb4.19.2&Prime; _module_preset=\u00a0\u00bbdefault\u00a0\u00bb global_colors_info=\u00a0\u00bb{}\u00a0\u00bb button_text_size__hover_enabled=\u00a0\u00bboff\u00a0\u00bb button_one_text_size__hover_enabled=\u00a0\u00bboff\u00a0\u00bb button_two_text_size__hover_enabled=\u00a0\u00bboff\u00a0\u00bb button_text_color__hover_enabled=\u00a0\u00bboff\u00a0\u00bb button_one_text_color__hover_enabled=\u00a0\u00bboff\u00a0\u00bb button_two_text_color__hover_enabled=\u00a0\u00bboff\u00a0\u00bb button_border_width__hover_enabled=\u00a0\u00bboff\u00a0\u00bb button_one_border_width__hover_enabled=\u00a0\u00bboff\u00a0\u00bb button_two_border_width__hover_enabled=\u00a0\u00bboff\u00a0\u00bb button_border_color__hover_enabled=\u00a0\u00bboff\u00a0\u00bb button_one_border_color__hover_enabled=\u00a0\u00bboff\u00a0\u00bb button_two_border_color__hover_enabled=\u00a0\u00bboff\u00a0\u00bb button_border_radius__hover_enabled=\u00a0\u00bboff\u00a0\u00bb button_one_border_radius__hover_enabled=\u00a0\u00bboff\u00a0\u00bb button_two_border_radius__hover_enabled=\u00a0\u00bboff\u00a0\u00bb button_letter_spacing__hover_enabled=\u00a0\u00bboff\u00a0\u00bb button_one_letter_spacing__hover_enabled=\u00a0\u00bboff\u00a0\u00bb button_two_letter_spacing__hover_enabled=\u00a0\u00bboff\u00a0\u00bb button_bg_color__hover_enabled=\u00a0\u00bboff\u00a0\u00bb button_one_bg_color__hover_enabled=\u00a0\u00bboff\u00a0\u00bb button_two_bg_color__hover_enabled=\u00a0\u00bboff\u00a0\u00bb][\/et_pb_contact_field][et_pb_contact_field field_id=\u00a0\u00bbMessage\u00a0\u00bb field_title=\u00a0\u00bbMessage\u00a0\u00bb field_type=\u00a0\u00bbtext\u00a0\u00bb fullwidth_field=\u00a0\u00bbon\u00a0\u00bb _builder_version=\u00a0\u00bb4.16&Prime; _module_preset=\u00a0\u00bbdefault\u00a0\u00bb global_colors_info=\u00a0\u00bb{}\u00a0\u00bb button_text_size__hover_enabled=\u00a0\u00bboff\u00a0\u00bb button_one_text_size__hover_enabled=\u00a0\u00bboff\u00a0\u00bb button_two_text_size__hover_enabled=\u00a0\u00bboff\u00a0\u00bb button_text_color__hover_enabled=\u00a0\u00bboff\u00a0\u00bb button_one_text_color__hover_enabled=\u00a0\u00bboff\u00a0\u00bb button_two_text_color__hover_enabled=\u00a0\u00bboff\u00a0\u00bb button_border_width__hover_enabled=\u00a0\u00bboff\u00a0\u00bb button_one_border_width__hover_enabled=\u00a0\u00bboff\u00a0\u00bb button_two_border_width__hover_enabled=\u00a0\u00bboff\u00a0\u00bb button_border_color__hover_enabled=\u00a0\u00bboff\u00a0\u00bb button_one_border_color__hover_enabled=\u00a0\u00bboff\u00a0\u00bb button_two_border_color__hover_enabled=\u00a0\u00bboff\u00a0\u00bb button_border_radius__hover_enabled=\u00a0\u00bboff\u00a0\u00bb button_one_border_radius__hover_enabled=\u00a0\u00bboff\u00a0\u00bb button_two_border_radius__hover_enabled=\u00a0\u00bboff\u00a0\u00bb button_letter_spacing__hover_enabled=\u00a0\u00bboff\u00a0\u00bb button_one_letter_spacing__hover_enabled=\u00a0\u00bboff\u00a0\u00bb button_two_letter_spacing__hover_enabled=\u00a0\u00bboff\u00a0\u00bb button_bg_color__hover_enabled=\u00a0\u00bboff\u00a0\u00bb button_one_bg_color__hover_enabled=\u00a0\u00bboff\u00a0\u00bb button_two_bg_color__hover_enabled=\u00a0\u00bboff\u00a0\u00bb][\/et_pb_contact_field][\/et_pb_contact_form][\/et_pb_column][\/et_pb_row][\/et_pb_section]<\/p>\n","protected":false},"excerpt":{"rendered":"<p>Contactez-nousEmailresa@intense-boutikhotel.comEmplacement21 avenue Castellane, 66660 Port-VendresT\u00e9l\u00e9phone07 85 02 56 99Formulaire de contact<\/p>\n","protected":false},"author":1,"featured_media":0,"parent":0,"menu_order":0,"comment_status":"closed","ping_status":"closed","template":"","meta":{"_et_pb_use_builder":"on","_et_pb_old_content":"","_et_gb_content_width":"","footnotes":""},"class_list":["post-6214","page","type-page","status-publish","hentry"],"yoast_head":"<!-- This site is optimized with the Yoast SEO plugin v27.5 - https:\/\/yoast.com\/product\/yoast-seo-wordpress\/ -->\n<title>Contact - Intense - Boutik H\u00f4tel<\/title>\n<meta name=\"description\" content=\"H\u00f4tel de charme en plein c\u0153ur d&#039;un petit village de p\u00e9cheur pittoresque sur la c\u00f4te Catalane: Port Vendres. Un lieu de qui\u00e9tude et de s\u00e9r\u00e9nit\u00e9 tout pr\u00e8s de Perpignan.\" \/>\n<meta name=\"robots\" content=\"index, follow, max-snippet:-1, max-image-preview:large, max-video-preview:-1\" \/>\n<link rel=\"canonical\" href=\"https:\/\/intense-boutikhotel.com\/index.php\/contact\/\" \/>\n<meta property=\"og:locale\" content=\"fr_FR\" \/>\n<meta property=\"og:type\" content=\"article\" \/>\n<meta property=\"og:title\" content=\"Contact - Intense - Boutik H\u00f4tel\" \/>\n<meta property=\"og:description\" content=\"H\u00f4tel de charme en plein c\u0153ur d&#039;un petit village de p\u00e9cheur pittoresque sur la c\u00f4te Catalane: Port Vendres. Un lieu de qui\u00e9tude et de s\u00e9r\u00e9nit\u00e9 tout pr\u00e8s de Perpignan.\" \/>\n<meta property=\"og:url\" content=\"https:\/\/intense-boutikhotel.com\/index.php\/contact\/\" \/>\n<meta property=\"og:site_name\" content=\"Intense - Boutik H\u00f4tel\" \/>\n<meta property=\"article:publisher\" content=\"https:\/\/www.facebook.com\/intenseboutikhotel\" \/>\n<meta property=\"article:modified_time\" content=\"2022-12-16T14:10:43+00:00\" \/>\n<meta name=\"twitter:card\" content=\"summary_large_image\" \/>\n<meta name=\"twitter:label1\" content=\"Dur\u00e9e de lecture estim\u00e9e\" \/>\n\t<meta name=\"twitter:data1\" content=\"2 minutes\" \/>\n<script type=\"application\/ld+json\" class=\"yoast-schema-graph\">{\"@context\":\"https:\\\/\\\/schema.org\",\"@graph\":[{\"@type\":\"WebPage\",\"@id\":\"https:\\\/\\\/intense-boutikhotel.com\\\/index.php\\\/contact\\\/\",\"url\":\"https:\\\/\\\/intense-boutikhotel.com\\\/index.php\\\/contact\\\/\",\"name\":\"Contact - Intense - Boutik H\u00f4tel\",\"isPartOf\":{\"@id\":\"https:\\\/\\\/intense-boutikhotel.com\\\/#website\"},\"datePublished\":\"2022-12-13T14:06:51+00:00\",\"dateModified\":\"2022-12-16T14:10:43+00:00\",\"description\":\"H\u00f4tel de charme en plein c\u0153ur d'un petit village de p\u00e9cheur pittoresque sur la c\u00f4te Catalane: Port Vendres. Un lieu de qui\u00e9tude et de s\u00e9r\u00e9nit\u00e9 tout pr\u00e8s de Perpignan.\",\"breadcrumb\":{\"@id\":\"https:\\\/\\\/intense-boutikhotel.com\\\/index.php\\\/contact\\\/#breadcrumb\"},\"inLanguage\":\"fr-FR\",\"potentialAction\":[{\"@type\":\"ReadAction\",\"target\":[\"https:\\\/\\\/intense-boutikhotel.com\\\/index.php\\\/contact\\\/\"]}]},{\"@type\":\"BreadcrumbList\",\"@id\":\"https:\\\/\\\/intense-boutikhotel.com\\\/index.php\\\/contact\\\/#breadcrumb\",\"itemListElement\":[{\"@type\":\"ListItem\",\"position\":1,\"name\":\"Accueil\",\"item\":\"https:\\\/\\\/intense-boutikhotel.com\\\/\"},{\"@type\":\"ListItem\",\"position\":2,\"name\":\"Contact\"}]},{\"@type\":\"WebSite\",\"@id\":\"https:\\\/\\\/intense-boutikhotel.com\\\/#website\",\"url\":\"https:\\\/\\\/intense-boutikhotel.com\\\/\",\"name\":\"Intense - Boutik H\u00f4tel\",\"description\":\"Boutique H\u00f4tel \u00e0 Port-Vendres\",\"publisher\":{\"@id\":\"https:\\\/\\\/intense-boutikhotel.com\\\/#organization\"},\"alternateName\":\"H\u00f4tel Intense Port-Vendres\",\"potentialAction\":[{\"@type\":\"SearchAction\",\"target\":{\"@type\":\"EntryPoint\",\"urlTemplate\":\"https:\\\/\\\/intense-boutikhotel.com\\\/?s={search_term_string}\"},\"query-input\":{\"@type\":\"PropertyValueSpecification\",\"valueRequired\":true,\"valueName\":\"search_term_string\"}}],\"inLanguage\":\"fr-FR\"},{\"@type\":\"Organization\",\"@id\":\"https:\\\/\\\/intense-boutikhotel.com\\\/#organization\",\"name\":\"Intense - Boutik H\u00f4tel\",\"url\":\"https:\\\/\\\/intense-boutikhotel.com\\\/\",\"logo\":{\"@type\":\"ImageObject\",\"inLanguage\":\"fr-FR\",\"@id\":\"https:\\\/\\\/intense-boutikhotel.com\\\/#\\\/schema\\\/logo\\\/image\\\/\",\"url\":\"https:\\\/\\\/intense-boutikhotel.com\\\/wp-content\\\/uploads\\\/2022\\\/05\\\/cropped-LOGO-OFFICIEL-plus-epais-PNG.png\",\"contentUrl\":\"https:\\\/\\\/intense-boutikhotel.com\\\/wp-content\\\/uploads\\\/2022\\\/05\\\/cropped-LOGO-OFFICIEL-plus-epais-PNG.png\",\"width\":512,\"height\":512,\"caption\":\"Intense - Boutik H\u00f4tel\"},\"image\":{\"@id\":\"https:\\\/\\\/intense-boutikhotel.com\\\/#\\\/schema\\\/logo\\\/image\\\/\"},\"sameAs\":[\"https:\\\/\\\/www.facebook.com\\\/intenseboutikhotel\"]}]}<\/script>\n<!-- \/ Yoast SEO plugin. -->","yoast_head_json":{"title":"Contact - Intense - Boutik H\u00f4tel","description":"H\u00f4tel de charme en plein c\u0153ur d'un petit village de p\u00e9cheur pittoresque sur la c\u00f4te Catalane: Port Vendres. Un lieu de qui\u00e9tude et de s\u00e9r\u00e9nit\u00e9 tout pr\u00e8s de Perpignan.","robots":{"index":"index","follow":"follow","max-snippet":"max-snippet:-1","max-image-preview":"max-image-preview:large","max-video-preview":"max-video-preview:-1"},"canonical":"https:\/\/intense-boutikhotel.com\/index.php\/contact\/","og_locale":"fr_FR","og_type":"article","og_title":"Contact - Intense - Boutik H\u00f4tel","og_description":"H\u00f4tel de charme en plein c\u0153ur d'un petit village de p\u00e9cheur pittoresque sur la c\u00f4te Catalane: Port Vendres. Un lieu de qui\u00e9tude et de s\u00e9r\u00e9nit\u00e9 tout pr\u00e8s de Perpignan.","og_url":"https:\/\/intense-boutikhotel.com\/index.php\/contact\/","og_site_name":"Intense - Boutik H\u00f4tel","article_publisher":"https:\/\/www.facebook.com\/intenseboutikhotel","article_modified_time":"2022-12-16T14:10:43+00:00","twitter_card":"summary_large_image","twitter_misc":{"Dur\u00e9e de lecture estim\u00e9e":"2 minutes"},"schema":{"@context":"https:\/\/schema.org","@graph":[{"@type":"WebPage","@id":"https:\/\/intense-boutikhotel.com\/index.php\/contact\/","url":"https:\/\/intense-boutikhotel.com\/index.php\/contact\/","name":"Contact - Intense - Boutik H\u00f4tel","isPartOf":{"@id":"https:\/\/intense-boutikhotel.com\/#website"},"datePublished":"2022-12-13T14:06:51+00:00","dateModified":"2022-12-16T14:10:43+00:00","description":"H\u00f4tel de charme en plein c\u0153ur d'un petit village de p\u00e9cheur pittoresque sur la c\u00f4te Catalane: Port Vendres. Un lieu de qui\u00e9tude et de s\u00e9r\u00e9nit\u00e9 tout pr\u00e8s de Perpignan.","breadcrumb":{"@id":"https:\/\/intense-boutikhotel.com\/index.php\/contact\/#breadcrumb"},"inLanguage":"fr-FR","potentialAction":[{"@type":"ReadAction","target":["https:\/\/intense-boutikhotel.com\/index.php\/contact\/"]}]},{"@type":"BreadcrumbList","@id":"https:\/\/intense-boutikhotel.com\/index.php\/contact\/#breadcrumb","itemListElement":[{"@type":"ListItem","position":1,"name":"Accueil","item":"https:\/\/intense-boutikhotel.com\/"},{"@type":"ListItem","position":2,"name":"Contact"}]},{"@type":"WebSite","@id":"https:\/\/intense-boutikhotel.com\/#website","url":"https:\/\/intense-boutikhotel.com\/","name":"Intense - Boutik H\u00f4tel","description":"Boutique H\u00f4tel \u00e0 Port-Vendres","publisher":{"@id":"https:\/\/intense-boutikhotel.com\/#organization"},"alternateName":"H\u00f4tel Intense Port-Vendres","potentialAction":[{"@type":"SearchAction","target":{"@type":"EntryPoint","urlTemplate":"https:\/\/intense-boutikhotel.com\/?s={search_term_string}"},"query-input":{"@type":"PropertyValueSpecification","valueRequired":true,"valueName":"search_term_string"}}],"inLanguage":"fr-FR"},{"@type":"Organization","@id":"https:\/\/intense-boutikhotel.com\/#organization","name":"Intense - Boutik H\u00f4tel","url":"https:\/\/intense-boutikhotel.com\/","logo":{"@type":"ImageObject","inLanguage":"fr-FR","@id":"https:\/\/intense-boutikhotel.com\/#\/schema\/logo\/image\/","url":"https:\/\/intense-boutikhotel.com\/wp-content\/uploads\/2022\/05\/cropped-LOGO-OFFICIEL-plus-epais-PNG.png","contentUrl":"https:\/\/intense-boutikhotel.com\/wp-content\/uploads\/2022\/05\/cropped-LOGO-OFFICIEL-plus-epais-PNG.png","width":512,"height":512,"caption":"Intense - Boutik H\u00f4tel"},"image":{"@id":"https:\/\/intense-boutikhotel.com\/#\/schema\/logo\/image\/"},"sameAs":["https:\/\/www.facebook.com\/intenseboutikhotel"]}]}},"jetpack_sharing_enabled":true,"_links":{"self":[{"href":"https:\/\/intense-boutikhotel.com\/index.php\/wp-json\/wp\/v2\/pages\/6214","targetHints":{"allow":["GET"]}}],"collection":[{"href":"https:\/\/intense-boutikhotel.com\/index.php\/wp-json\/wp\/v2\/pages"}],"about":[{"href":"https:\/\/intense-boutikhotel.com\/index.php\/wp-json\/wp\/v2\/types\/page"}],"author":[{"embeddable":true,"href":"https:\/\/intense-boutikhotel.com\/index.php\/wp-json\/wp\/v2\/users\/1"}],"replies":[{"embeddable":true,"href":"https:\/\/intense-boutikhotel.com\/index.php\/wp-json\/wp\/v2\/comments?post=6214"}],"version-history":[{"count":6,"href":"https:\/\/intense-boutikhotel.com\/index.php\/wp-json\/wp\/v2\/pages\/6214\/revisions"}],"predecessor-version":[{"id":6658,"href":"https:\/\/intense-boutikhotel.com\/index.php\/wp-json\/wp\/v2\/pages\/6214\/revisions\/6658"}],"wp:attachment":[{"href":"https:\/\/intense-boutikhotel.com\/index.php\/wp-json\/wp\/v2\/media?parent=6214"}],"curies":[{"name":"wp","href":"https:\/\/api.w.org\/{rel}","templated":true}]}}