{"id":6915,"date":"2023-09-20T13:58:07","date_gmt":"2023-09-20T11:58:07","guid":{"rendered":"https:\/\/intense-boutikhotel.com\/?page_id=6915"},"modified":"2025-07-18T14:28:30","modified_gmt":"2025-07-18T12:28:30","slug":"repas-dans-les-vignes","status":"publish","type":"page","link":"https:\/\/intense-boutikhotel.com\/index.php\/activites\/repas-dans-les-vignes\/","title":{"rendered":"Repas dans les vignes"},"content":{"rendered":"<p>[et_pb_section fb_built=\u00a0\u00bb1&Prime; _builder_version=\u00a0\u00bb4.22.1&Prime; _module_preset=\u00a0\u00bbdefault\u00a0\u00bb global_colors_info=\u00a0\u00bb{}\u00a0\u00bb][et_pb_row column_structure=\u00a0\u00bb1_2,1_2&Prime; _builder_version=\u00a0\u00bb4.23&Prime; _module_preset=\u00a0\u00bbdefault\u00a0\u00bb custom_margin=\u00a0\u00bb100px||100px||false|false\u00a0\u00bb global_colors_info=\u00a0\u00bb{}\u00a0\u00bb][et_pb_column type=\u00a0\u00bb1_2&Prime; _builder_version=\u00a0\u00bb4.22.1&Prime; _module_preset=\u00a0\u00bbdefault\u00a0\u00bb global_colors_info=\u00a0\u00bb{}\u00a0\u00bb][et_pb_text _builder_version=\u00a0\u00bb4.23.1&Prime; _module_preset=\u00a0\u00bbdefault\u00a0\u00bb text_font=\u00a0\u00bbPoppins|300|||||||\u00a0\u00bb text_font_size=\u00a0\u00bb28px\u00a0\u00bb text_line_height=\u00a0\u00bb1.8em\u00a0\u00bb header_font=\u00a0\u00bbDanis||||||||\u00a0\u00bb header_font_size=\u00a0\u00bb73px\u00a0\u00bb hover_enabled=\u00a0\u00bb0&Prime; global_colors_info=\u00a0\u00bb{}\u00a0\u00bb sticky_enabled=\u00a0\u00bb0&Prime;]<\/p>\n<h1><strong>Repas dans les vignes<\/strong><\/h1>\n<p>Notre passion des vignes nous am\u00e8ne \u00e0 vous faire d\u00e9couvrir notre parcelle viticole. Ap\u00e9ros et bras\u00e9ros en toute qui\u00e9tude. Sous r\u00e9serve des conditions m\u00e9t\u00e9orologiques.<\/p>\n<p><strong>D\u00e9couvrez \u00e9galement <a href=\"https:\/\/parcellere.com\" target=\"_blank\" rel=\"noopener\">Parcell\u00e8re<\/a>.<\/strong><\/p>\n<p>[\/et_pb_text][\/et_pb_column][et_pb_column type=\u00a0\u00bb1_2&Prime; _builder_version=\u00a0\u00bb4.22.1&Prime; _module_preset=\u00a0\u00bbdefault\u00a0\u00bb global_colors_info=\u00a0\u00bb{}\u00a0\u00bb][et_pb_image src=\u00a0\u00bbhttps:\/\/intense-boutikhotel.com\/wp-content\/uploads\/2023\/09\/Vignes-1_1.jpg\u00a0\u00bb title_text=\u00a0\u00bbVignes 1_1&Prime; _builder_version=\u00a0\u00bb4.22.1&Prime; _module_preset=\u00a0\u00bbdefault\u00a0\u00bb global_colors_info=\u00a0\u00bb{}\u00a0\u00bb][\/et_pb_image][\/et_pb_column][\/et_pb_row][et_pb_row column_structure=\u00a0\u00bb2_5,3_5&Prime; _builder_version=\u00a0\u00bb4.22.1&Prime; _module_preset=\u00a0\u00bbdefault\u00a0\u00bb global_colors_info=\u00a0\u00bb{}\u00a0\u00bb][et_pb_column type=\u00a0\u00bb2_5&Prime; _builder_version=\u00a0\u00bb4.22.1&Prime; _module_preset=\u00a0\u00bbdefault\u00a0\u00bb global_colors_info=\u00a0\u00bb{}\u00a0\u00bb][et_pb_image src=\u00a0\u00bbhttps:\/\/intense-boutikhotel.com\/wp-content\/uploads\/2023\/09\/20221101_125455-scaled.jpg\u00a0\u00bb title_text=\u00a0\u00bb20221101_125455&Prime; _builder_version=\u00a0\u00bb4.22.2&Prime; _module_preset=\u00a0\u00bbdefault\u00a0\u00bb global_colors_info=\u00a0\u00bb{}\u00a0\u00bb][\/et_pb_image][et_pb_image src=\u00a0\u00bbhttps:\/\/intense-boutikhotel.com\/wp-content\/uploads\/2023\/09\/20221101_130140-scaled.jpg\u00a0\u00bb title_text=\u00a0\u00bb20221101_130140&Prime; _builder_version=\u00a0\u00bb4.22.2&Prime; _module_preset=\u00a0\u00bbdefault\u00a0\u00bb global_colors_info=\u00a0\u00bb{}\u00a0\u00bb][\/et_pb_image][\/et_pb_column][et_pb_column type=\u00a0\u00bb3_5&Prime; _builder_version=\u00a0\u00bb4.22.1&Prime; _module_preset=\u00a0\u00bbdefault\u00a0\u00bb global_colors_info=\u00a0\u00bb{}\u00a0\u00bb][et_pb_image src=\u00a0\u00bbhttps:\/\/intense-boutikhotel.com\/wp-content\/uploads\/2023\/09\/20230409_130343-scaled.jpg\u00a0\u00bb title_text=\u00a0\u00bb20230409_130343&Prime; align=\u00a0\u00bbcenter\u00a0\u00bb _builder_version=\u00a0\u00bb4.22.2&Prime; _module_preset=\u00a0\u00bbdefault\u00a0\u00bb custom_padding=\u00a0\u00bb|||4px||\u00a0\u00bb global_colors_info=\u00a0\u00bb{}\u00a0\u00bb][\/et_pb_image][\/et_pb_column][\/et_pb_row][et_pb_row column_structure=\u00a0\u00bb1_2,1_2&Prime; _builder_version=\u00a0\u00bb4.22.1&Prime; _module_preset=\u00a0\u00bbdefault\u00a0\u00bb min_height=\u00a0\u00bb742.9px\u00a0\u00bb global_colors_info=\u00a0\u00bb{}\u00a0\u00bb][et_pb_column type=\u00a0\u00bb1_2&Prime; _builder_version=\u00a0\u00bb4.22.1&Prime; _module_preset=\u00a0\u00bbdefault\u00a0\u00bb global_colors_info=\u00a0\u00bb{}\u00a0\u00bb][et_pb_image src=\u00a0\u00bbhttps:\/\/intense-boutikhotel.com\/wp-content\/uploads\/2023\/09\/Vignes-2_1.jpg\u00a0\u00bb title_text=\u00a0\u00bbVignes 2_1&Prime; _builder_version=\u00a0\u00bb4.22.1&Prime; _module_preset=\u00a0\u00bbdefault\u00a0\u00bb global_colors_info=\u00a0\u00bb{}\u00a0\u00bb][\/et_pb_image][\/et_pb_column][et_pb_column type=\u00a0\u00bb1_2&Prime; _builder_version=\u00a0\u00bb4.22.1&Prime; _module_preset=\u00a0\u00bbdefault\u00a0\u00bb global_colors_info=\u00a0\u00bb{}\u00a0\u00bb][et_pb_image src=\u00a0\u00bbhttps:\/\/intense-boutikhotel.com\/wp-content\/uploads\/2023\/09\/Vignes-3_1.jpg\u00a0\u00bb title_text=\u00a0\u00bbVignes 3_1&Prime; _builder_version=\u00a0\u00bb4.22.1&Prime; _module_preset=\u00a0\u00bbdefault\u00a0\u00bb global_colors_info=\u00a0\u00bb{}\u00a0\u00bb][\/et_pb_image][\/et_pb_column][\/et_pb_row][et_pb_row _builder_version=\u00a0\u00bb4.22.1&Prime; _module_preset=\u00a0\u00bbdefault\u00a0\u00bb global_colors_info=\u00a0\u00bb{}\u00a0\u00bb][et_pb_column type=\u00a0\u00bb4_4&Prime; _builder_version=\u00a0\u00bb4.22.1&Prime; _module_preset=\u00a0\u00bbdefault\u00a0\u00bb global_colors_info=\u00a0\u00bb{}\u00a0\u00bb][et_pb_image src=\u00a0\u00bbhttps:\/\/intense-boutikhotel.com\/wp-content\/uploads\/2023\/09\/Repas-vignes-3_1.jpg\u00a0\u00bb title_text=\u00a0\u00bbRepas vignes 3_1&Prime; _builder_version=\u00a0\u00bb4.22.1&Prime; _module_preset=\u00a0\u00bbdefault\u00a0\u00bb global_colors_info=\u00a0\u00bb{}\u00a0\u00bb][\/et_pb_image][\/et_pb_column][\/et_pb_row][\/et_pb_section]<\/p>\n","protected":false},"excerpt":{"rendered":"<p>Repas dans les vignes Notre passion des vignes nous am\u00e8ne \u00e0 vous faire d\u00e9couvrir notre parcelle viticole. Ap\u00e9ros et bras\u00e9ros en toute qui\u00e9tude. Sous r\u00e9serve des conditions m\u00e9t\u00e9orologiques. D\u00e9couvrez \u00e9galement Parcell\u00e8re.<\/p>\n","protected":false},"author":1,"featured_media":0,"parent":137,"menu_order":0,"comment_status":"closed","ping_status":"closed","template":"","meta":{"_et_pb_use_builder":"on","_et_pb_old_content":"","_et_gb_content_width":"","footnotes":""},"class_list":["post-6915","page","type-page","status-publish","hentry"],"yoast_head":"<!-- This site is optimized with the Yoast SEO plugin v27.5 - https:\/\/yoast.com\/product\/yoast-seo-wordpress\/ -->\n<title>Repas dans les vignes - Intense - Boutik H\u00f4tel<\/title>\n<meta name=\"description\" content=\"H\u00f4tel de charme en plein c\u0153ur d&#039;un petit village de p\u00e9cheur pittoresque sur la c\u00f4te Catalane: Port Vendres. Un lieu de qui\u00e9tude et de s\u00e9r\u00e9nit\u00e9 tout pr\u00e8s de Perpignan.\" \/>\n<meta name=\"robots\" content=\"index, follow, max-snippet:-1, max-image-preview:large, max-video-preview:-1\" \/>\n<link rel=\"canonical\" href=\"https:\/\/intense-boutikhotel.com\/index.php\/activites\/repas-dans-les-vignes\/\" \/>\n<meta property=\"og:locale\" content=\"fr_FR\" \/>\n<meta property=\"og:type\" content=\"article\" \/>\n<meta property=\"og:title\" content=\"Repas dans les vignes - Intense - Boutik H\u00f4tel\" \/>\n<meta property=\"og:description\" content=\"H\u00f4tel de charme en plein c\u0153ur d&#039;un petit village de p\u00e9cheur pittoresque sur la c\u00f4te Catalane: Port Vendres. Un lieu de qui\u00e9tude et de s\u00e9r\u00e9nit\u00e9 tout pr\u00e8s de Perpignan.\" \/>\n<meta property=\"og:url\" content=\"https:\/\/intense-boutikhotel.com\/index.php\/activites\/repas-dans-les-vignes\/\" \/>\n<meta property=\"og:site_name\" content=\"Intense - Boutik H\u00f4tel\" \/>\n<meta property=\"article:publisher\" content=\"https:\/\/www.facebook.com\/intenseboutikhotel\" \/>\n<meta property=\"article:modified_time\" content=\"2025-07-18T12:28:30+00:00\" \/>\n<meta name=\"twitter:card\" content=\"summary_large_image\" \/>\n<script type=\"application\/ld+json\" class=\"yoast-schema-graph\">{\"@context\":\"https:\\\/\\\/schema.org\",\"@graph\":[{\"@type\":\"WebPage\",\"@id\":\"https:\\\/\\\/intense-boutikhotel.com\\\/index.php\\\/activites\\\/repas-dans-les-vignes\\\/\",\"url\":\"https:\\\/\\\/intense-boutikhotel.com\\\/index.php\\\/activites\\\/repas-dans-les-vignes\\\/\",\"name\":\"Repas dans les vignes - Intense - Boutik H\u00f4tel\",\"isPartOf\":{\"@id\":\"https:\\\/\\\/intense-boutikhotel.com\\\/#website\"},\"datePublished\":\"2023-09-20T11:58:07+00:00\",\"dateModified\":\"2025-07-18T12:28:30+00:00\",\"description\":\"H\u00f4tel de charme en plein c\u0153ur d'un petit village de p\u00e9cheur pittoresque sur la c\u00f4te Catalane: Port Vendres. Un lieu de qui\u00e9tude et de s\u00e9r\u00e9nit\u00e9 tout pr\u00e8s de Perpignan.\",\"breadcrumb\":{\"@id\":\"https:\\\/\\\/intense-boutikhotel.com\\\/index.php\\\/activites\\\/repas-dans-les-vignes\\\/#breadcrumb\"},\"inLanguage\":\"fr-FR\",\"potentialAction\":[{\"@type\":\"ReadAction\",\"target\":[\"https:\\\/\\\/intense-boutikhotel.com\\\/index.php\\\/activites\\\/repas-dans-les-vignes\\\/\"]}]},{\"@type\":\"BreadcrumbList\",\"@id\":\"https:\\\/\\\/intense-boutikhotel.com\\\/index.php\\\/activites\\\/repas-dans-les-vignes\\\/#breadcrumb\",\"itemListElement\":[{\"@type\":\"ListItem\",\"position\":1,\"name\":\"Accueil\",\"item\":\"https:\\\/\\\/intense-boutikhotel.com\\\/\"},{\"@type\":\"ListItem\",\"position\":2,\"name\":\"Activit\u00e9s\",\"item\":\"https:\\\/\\\/intense-boutikhotel.com\\\/index.php\\\/activites\\\/\"},{\"@type\":\"ListItem\",\"position\":3,\"name\":\"Repas dans les vignes\"}]},{\"@type\":\"WebSite\",\"@id\":\"https:\\\/\\\/intense-boutikhotel.com\\\/#website\",\"url\":\"https:\\\/\\\/intense-boutikhotel.com\\\/\",\"name\":\"Intense - Boutik H\u00f4tel\",\"description\":\"Boutique H\u00f4tel \u00e0 Port-Vendres\",\"publisher\":{\"@id\":\"https:\\\/\\\/intense-boutikhotel.com\\\/#organization\"},\"alternateName\":\"H\u00f4tel Intense Port-Vendres\",\"potentialAction\":[{\"@type\":\"SearchAction\",\"target\":{\"@type\":\"EntryPoint\",\"urlTemplate\":\"https:\\\/\\\/intense-boutikhotel.com\\\/?s={search_term_string}\"},\"query-input\":{\"@type\":\"PropertyValueSpecification\",\"valueRequired\":true,\"valueName\":\"search_term_string\"}}],\"inLanguage\":\"fr-FR\"},{\"@type\":\"Organization\",\"@id\":\"https:\\\/\\\/intense-boutikhotel.com\\\/#organization\",\"name\":\"Intense - Boutik H\u00f4tel\",\"url\":\"https:\\\/\\\/intense-boutikhotel.com\\\/\",\"logo\":{\"@type\":\"ImageObject\",\"inLanguage\":\"fr-FR\",\"@id\":\"https:\\\/\\\/intense-boutikhotel.com\\\/#\\\/schema\\\/logo\\\/image\\\/\",\"url\":\"https:\\\/\\\/intense-boutikhotel.com\\\/wp-content\\\/uploads\\\/2022\\\/05\\\/cropped-LOGO-OFFICIEL-plus-epais-PNG.png\",\"contentUrl\":\"https:\\\/\\\/intense-boutikhotel.com\\\/wp-content\\\/uploads\\\/2022\\\/05\\\/cropped-LOGO-OFFICIEL-plus-epais-PNG.png\",\"width\":512,\"height\":512,\"caption\":\"Intense - Boutik H\u00f4tel\"},\"image\":{\"@id\":\"https:\\\/\\\/intense-boutikhotel.com\\\/#\\\/schema\\\/logo\\\/image\\\/\"},\"sameAs\":[\"https:\\\/\\\/www.facebook.com\\\/intenseboutikhotel\"]}]}<\/script>\n<!-- \/ Yoast SEO plugin. -->","yoast_head_json":{"title":"Repas dans les vignes - Intense - Boutik H\u00f4tel","description":"H\u00f4tel de charme en plein c\u0153ur d'un petit village de p\u00e9cheur pittoresque sur la c\u00f4te Catalane: Port Vendres. Un lieu de qui\u00e9tude et de s\u00e9r\u00e9nit\u00e9 tout pr\u00e8s de Perpignan.","robots":{"index":"index","follow":"follow","max-snippet":"max-snippet:-1","max-image-preview":"max-image-preview:large","max-video-preview":"max-video-preview:-1"},"canonical":"https:\/\/intense-boutikhotel.com\/index.php\/activites\/repas-dans-les-vignes\/","og_locale":"fr_FR","og_type":"article","og_title":"Repas dans les vignes - Intense - Boutik H\u00f4tel","og_description":"H\u00f4tel de charme en plein c\u0153ur d'un petit village de p\u00e9cheur pittoresque sur la c\u00f4te Catalane: Port Vendres. Un lieu de qui\u00e9tude et de s\u00e9r\u00e9nit\u00e9 tout pr\u00e8s de Perpignan.","og_url":"https:\/\/intense-boutikhotel.com\/index.php\/activites\/repas-dans-les-vignes\/","og_site_name":"Intense - Boutik H\u00f4tel","article_publisher":"https:\/\/www.facebook.com\/intenseboutikhotel","article_modified_time":"2025-07-18T12:28:30+00:00","twitter_card":"summary_large_image","schema":{"@context":"https:\/\/schema.org","@graph":[{"@type":"WebPage","@id":"https:\/\/intense-boutikhotel.com\/index.php\/activites\/repas-dans-les-vignes\/","url":"https:\/\/intense-boutikhotel.com\/index.php\/activites\/repas-dans-les-vignes\/","name":"Repas dans les vignes - Intense - Boutik H\u00f4tel","isPartOf":{"@id":"https:\/\/intense-boutikhotel.com\/#website"},"datePublished":"2023-09-20T11:58:07+00:00","dateModified":"2025-07-18T12:28:30+00:00","description":"H\u00f4tel de charme en plein c\u0153ur d'un petit village de p\u00e9cheur pittoresque sur la c\u00f4te Catalane: Port Vendres. Un lieu de qui\u00e9tude et de s\u00e9r\u00e9nit\u00e9 tout pr\u00e8s de Perpignan.","breadcrumb":{"@id":"https:\/\/intense-boutikhotel.com\/index.php\/activites\/repas-dans-les-vignes\/#breadcrumb"},"inLanguage":"fr-FR","potentialAction":[{"@type":"ReadAction","target":["https:\/\/intense-boutikhotel.com\/index.php\/activites\/repas-dans-les-vignes\/"]}]},{"@type":"BreadcrumbList","@id":"https:\/\/intense-boutikhotel.com\/index.php\/activites\/repas-dans-les-vignes\/#breadcrumb","itemListElement":[{"@type":"ListItem","position":1,"name":"Accueil","item":"https:\/\/intense-boutikhotel.com\/"},{"@type":"ListItem","position":2,"name":"Activit\u00e9s","item":"https:\/\/intense-boutikhotel.com\/index.php\/activites\/"},{"@type":"ListItem","position":3,"name":"Repas dans les vignes"}]},{"@type":"WebSite","@id":"https:\/\/intense-boutikhotel.com\/#website","url":"https:\/\/intense-boutikhotel.com\/","name":"Intense - Boutik H\u00f4tel","description":"Boutique H\u00f4tel \u00e0 Port-Vendres","publisher":{"@id":"https:\/\/intense-boutikhotel.com\/#organization"},"alternateName":"H\u00f4tel Intense Port-Vendres","potentialAction":[{"@type":"SearchAction","target":{"@type":"EntryPoint","urlTemplate":"https:\/\/intense-boutikhotel.com\/?s={search_term_string}"},"query-input":{"@type":"PropertyValueSpecification","valueRequired":true,"valueName":"search_term_string"}}],"inLanguage":"fr-FR"},{"@type":"Organization","@id":"https:\/\/intense-boutikhotel.com\/#organization","name":"Intense - Boutik H\u00f4tel","url":"https:\/\/intense-boutikhotel.com\/","logo":{"@type":"ImageObject","inLanguage":"fr-FR","@id":"https:\/\/intense-boutikhotel.com\/#\/schema\/logo\/image\/","url":"https:\/\/intense-boutikhotel.com\/wp-content\/uploads\/2022\/05\/cropped-LOGO-OFFICIEL-plus-epais-PNG.png","contentUrl":"https:\/\/intense-boutikhotel.com\/wp-content\/uploads\/2022\/05\/cropped-LOGO-OFFICIEL-plus-epais-PNG.png","width":512,"height":512,"caption":"Intense - Boutik H\u00f4tel"},"image":{"@id":"https:\/\/intense-boutikhotel.com\/#\/schema\/logo\/image\/"},"sameAs":["https:\/\/www.facebook.com\/intenseboutikhotel"]}]}},"jetpack_sharing_enabled":true,"_links":{"self":[{"href":"https:\/\/intense-boutikhotel.com\/index.php\/wp-json\/wp\/v2\/pages\/6915","targetHints":{"allow":["GET"]}}],"collection":[{"href":"https:\/\/intense-boutikhotel.com\/index.php\/wp-json\/wp\/v2\/pages"}],"about":[{"href":"https:\/\/intense-boutikhotel.com\/index.php\/wp-json\/wp\/v2\/types\/page"}],"author":[{"embeddable":true,"href":"https:\/\/intense-boutikhotel.com\/index.php\/wp-json\/wp\/v2\/users\/1"}],"replies":[{"embeddable":true,"href":"https:\/\/intense-boutikhotel.com\/index.php\/wp-json\/wp\/v2\/comments?post=6915"}],"version-history":[{"count":12,"href":"https:\/\/intense-boutikhotel.com\/index.php\/wp-json\/wp\/v2\/pages\/6915\/revisions"}],"predecessor-version":[{"id":7034,"href":"https:\/\/intense-boutikhotel.com\/index.php\/wp-json\/wp\/v2\/pages\/6915\/revisions\/7034"}],"up":[{"embeddable":true,"href":"https:\/\/intense-boutikhotel.com\/index.php\/wp-json\/wp\/v2\/pages\/137"}],"wp:attachment":[{"href":"https:\/\/intense-boutikhotel.com\/index.php\/wp-json\/wp\/v2\/media?parent=6915"}],"curies":[{"name":"wp","href":"https:\/\/api.w.org\/{rel}","templated":true}]}}