{"id":6958,"date":"2023-10-30T16:39:27","date_gmt":"2023-10-30T15:39:27","guid":{"rendered":"https:\/\/intense-boutikhotel.com\/?page_id=6958"},"modified":"2023-10-30T16:50:59","modified_gmt":"2023-10-30T15:50:59","slug":"nautical-activities","status":"publish","type":"page","link":"https:\/\/intense-boutikhotel.com\/index.php\/en\/nautical-activities\/","title":{"rendered":"Nautical activities"},"content":{"rendered":"<p>[et_pb_section fb_built=\u00a0\u00bb1&Prime; theme_builder_area=\u00a0\u00bbpost_content\u00a0\u00bb _builder_version=\u00a0\u00bb4.23&Prime; _module_preset=\u00a0\u00bbdefault\u00a0\u00bb][et_pb_row _builder_version=\u00a0\u00bb4.23&Prime; _module_preset=\u00a0\u00bbdefault\u00a0\u00bb theme_builder_area=\u00a0\u00bbpost_content\u00a0\u00bb column_structure=\u00a0\u00bb1_2,1_2&Prime; custom_margin=\u00a0\u00bb50px||50px||false|false\u00a0\u00bb hover_enabled=\u00a0\u00bb0&Prime; sticky_enabled=\u00a0\u00bb0&Prime;][et_pb_column _builder_version=\u00a0\u00bb4.23&Prime; _module_preset=\u00a0\u00bbdefault\u00a0\u00bb type=\u00a0\u00bb1_2&Prime; theme_builder_area=\u00a0\u00bbpost_content\u00a0\u00bb][et_pb_text _builder_version=\u00a0\u00bb4.23&Prime; _module_preset=\u00a0\u00bbdefault\u00a0\u00bb theme_builder_area=\u00a0\u00bbpost_content\u00a0\u00bb text_font=\u00a0\u00bbDanis||||||||\u00a0\u00bb text_font_size=\u00a0\u00bb80px\u00a0\u00bb text_line_height=\u00a0\u00bb1.2em\u00a0\u00bb hover_enabled=\u00a0\u00bb0&Prime; sticky_enabled=\u00a0\u00bb0&Prime; header_font=\u00a0\u00bbDanis||||||||\u00a0\u00bb header_font_size=\u00a0\u00bb80px\u00a0\u00bb]<\/p>\n<h1><strong>Nautical activities<\/strong><\/h1>\n<p>[\/et_pb_text][et_pb_text _builder_version=\u00a0\u00bb4.23&Prime; _module_preset=\u00a0\u00bbdefault\u00a0\u00bb theme_builder_area=\u00a0\u00bbpost_content\u00a0\u00bb text_font=\u00a0\u00bbPoppins|300|||||||\u00a0\u00bb text_font_size=\u00a0\u00bb23px\u00a0\u00bb text_line_height=\u00a0\u00bb1.8em\u00a0\u00bb hover_enabled=\u00a0\u00bb0&Prime; sticky_enabled=\u00a0\u00bb0&Prime;]<\/p>\n<p>Discover the C\u00f4te Vermeille and the coves of Paulilles with Nautica Vermeille<br \/>Idyllic splashes, paddle, towed buoy, walks and aperitif boards\u2026 Intense moment!<\/p>\n<p>[\/et_pb_text][\/et_pb_column][et_pb_column _builder_version=\u00a0\u00bb4.23&Prime; _module_preset=\u00a0\u00bbdefault\u00a0\u00bb type=\u00a0\u00bb1_2&Prime; theme_builder_area=\u00a0\u00bbpost_content\u00a0\u00bb][et_pb_image src=\u00a0\u00bbhttps:\/\/intense-boutikhotel.com\/wp-content\/uploads\/2023\/09\/7.jpg\u00a0\u00bb _builder_version=\u00a0\u00bb4.23&Prime; _module_preset=\u00a0\u00bbdefault\u00a0\u00bb theme_builder_area=\u00a0\u00bbpost_content\u00a0\u00bb title_text=\u00a0\u00bb7&Prime; hover_enabled=\u00a0\u00bb0&Prime; sticky_enabled=\u00a0\u00bb0&Prime; width=\u00a0\u00bb75%\u00a0\u00bb module_alignment=\u00a0\u00bbcenter\u00a0\u00bb][\/et_pb_image][\/et_pb_column][\/et_pb_row][et_pb_row _builder_version=\u00a0\u00bb4.23&Prime; _module_preset=\u00a0\u00bbdefault\u00a0\u00bb theme_builder_area=\u00a0\u00bbpost_content\u00a0\u00bb][et_pb_column _builder_version=\u00a0\u00bb4.23&Prime; _module_preset=\u00a0\u00bbdefault\u00a0\u00bb type=\u00a0\u00bb4_4&Prime; theme_builder_area=\u00a0\u00bbpost_content\u00a0\u00bb][et_pb_image src=\u00a0\u00bbhttps:\/\/intense-boutikhotel.com\/wp-content\/uploads\/2023\/09\/NAUTICA-3_1.jpg\u00a0\u00bb _builder_version=\u00a0\u00bb4.23&Prime; _module_preset=\u00a0\u00bbdefault\u00a0\u00bb theme_builder_area=\u00a0\u00bbpost_content\u00a0\u00bb title_text=\u00a0\u00bbNAUTICA 3_1&Prime; hover_enabled=\u00a0\u00bb0&Prime; sticky_enabled=\u00a0\u00bb0&Prime;][\/et_pb_image][\/et_pb_column][\/et_pb_row][et_pb_row _builder_version=\u00a0\u00bb4.23&Prime; _module_preset=\u00a0\u00bbdefault\u00a0\u00bb theme_builder_area=\u00a0\u00bbpost_content\u00a0\u00bb][et_pb_column _builder_version=\u00a0\u00bb4.23&Prime; _module_preset=\u00a0\u00bbdefault\u00a0\u00bb type=\u00a0\u00bb4_4&Prime; theme_builder_area=\u00a0\u00bbpost_content\u00a0\u00bb][et_pb_button button_text=\u00a0\u00bbNautica Vermeille\u00a0\u00bb _builder_version=\u00a0\u00bb4.23&Prime; _module_preset=\u00a0\u00bbdefault\u00a0\u00bb theme_builder_area=\u00a0\u00bbpost_content\u00a0\u00bb button_url=\u00a0\u00bbhttp:\/\/www.nauticavermeille.com\u00a0\u00bb url_new_window=\u00a0\u00bbon\u00a0\u00bb hover_enabled=\u00a0\u00bb0&Prime; sticky_enabled=\u00a0\u00bb0&Prime;][\/et_pb_button][\/et_pb_column][\/et_pb_row][\/et_pb_section]<\/p>\n","protected":false},"excerpt":{"rendered":"<p>Nautical activitiesDiscover the C\u00f4te Vermeille and the coves of Paulilles with Nautica VermeilleIdyllic splashes, paddle, towed buoy, walks and aperitif boards\u2026 Intense moment!<\/p>\n","protected":false},"author":1,"featured_media":0,"parent":0,"menu_order":0,"comment_status":"closed","ping_status":"closed","template":"","meta":{"_et_pb_use_builder":"on","_et_pb_old_content":"","_et_gb_content_width":"","footnotes":""},"class_list":["post-6958","page","type-page","status-publish","hentry"],"yoast_head":"<!-- This site is optimized with the Yoast SEO plugin v27.3 - https:\/\/yoast.com\/product\/yoast-seo-wordpress\/ -->\n<title>Nautical activities - Intense - Boutik H\u00f4tel<\/title>\n<meta name=\"description\" content=\"H\u00f4tel de charme en plein c\u0153ur d&#039;un petit village de p\u00e9cheur pittoresque sur la c\u00f4te Catalane: Port Vendres. Un lieu de qui\u00e9tude et de s\u00e9r\u00e9nit\u00e9 tout pr\u00e8s de Perpignan.\" \/>\n<meta name=\"robots\" content=\"index, follow, max-snippet:-1, max-image-preview:large, max-video-preview:-1\" \/>\n<link rel=\"canonical\" href=\"https:\/\/intense-boutikhotel.com\/index.php\/en\/nautical-activities\/\" \/>\n<meta property=\"og:locale\" content=\"fr_FR\" \/>\n<meta property=\"og:type\" content=\"article\" \/>\n<meta property=\"og:title\" content=\"Nautical activities - Intense - Boutik H\u00f4tel\" \/>\n<meta property=\"og:description\" content=\"H\u00f4tel de charme en plein c\u0153ur d&#039;un petit village de p\u00e9cheur pittoresque sur la c\u00f4te Catalane: Port Vendres. Un lieu de qui\u00e9tude et de s\u00e9r\u00e9nit\u00e9 tout pr\u00e8s de Perpignan.\" \/>\n<meta property=\"og:url\" content=\"https:\/\/intense-boutikhotel.com\/index.php\/en\/nautical-activities\/\" \/>\n<meta property=\"og:site_name\" content=\"Intense - Boutik H\u00f4tel\" \/>\n<meta property=\"article:publisher\" content=\"https:\/\/www.facebook.com\/intenseboutikhotel\" \/>\n<meta property=\"article:modified_time\" content=\"2023-10-30T15:50:59+00:00\" \/>\n<meta name=\"twitter:card\" content=\"summary_large_image\" \/>\n<script type=\"application\/ld+json\" class=\"yoast-schema-graph\">{\"@context\":\"https:\\\/\\\/schema.org\",\"@graph\":[{\"@type\":\"WebPage\",\"@id\":\"https:\\\/\\\/intense-boutikhotel.com\\\/index.php\\\/en\\\/nautical-activities\\\/\",\"url\":\"https:\\\/\\\/intense-boutikhotel.com\\\/index.php\\\/en\\\/nautical-activities\\\/\",\"name\":\"Nautical activities - Intense - Boutik H\u00f4tel\",\"isPartOf\":{\"@id\":\"https:\\\/\\\/intense-boutikhotel.com\\\/#website\"},\"datePublished\":\"2023-10-30T15:39:27+00:00\",\"dateModified\":\"2023-10-30T15:50:59+00:00\",\"description\":\"H\u00f4tel de charme en plein c\u0153ur d'un petit village de p\u00e9cheur pittoresque sur la c\u00f4te Catalane: Port Vendres. Un lieu de qui\u00e9tude et de s\u00e9r\u00e9nit\u00e9 tout pr\u00e8s de Perpignan.\",\"breadcrumb\":{\"@id\":\"https:\\\/\\\/intense-boutikhotel.com\\\/index.php\\\/en\\\/nautical-activities\\\/#breadcrumb\"},\"inLanguage\":\"fr-FR\",\"potentialAction\":[{\"@type\":\"ReadAction\",\"target\":[\"https:\\\/\\\/intense-boutikhotel.com\\\/index.php\\\/en\\\/nautical-activities\\\/\"]}]},{\"@type\":\"BreadcrumbList\",\"@id\":\"https:\\\/\\\/intense-boutikhotel.com\\\/index.php\\\/en\\\/nautical-activities\\\/#breadcrumb\",\"itemListElement\":[{\"@type\":\"ListItem\",\"position\":1,\"name\":\"Accueil\",\"item\":\"https:\\\/\\\/intense-boutikhotel.com\\\/\"},{\"@type\":\"ListItem\",\"position\":2,\"name\":\"Nautical activities\"}]},{\"@type\":\"WebSite\",\"@id\":\"https:\\\/\\\/intense-boutikhotel.com\\\/#website\",\"url\":\"https:\\\/\\\/intense-boutikhotel.com\\\/\",\"name\":\"Intense - Boutik H\u00f4tel\",\"description\":\"Boutique H\u00f4tel \u00e0 Port-Vendres\",\"publisher\":{\"@id\":\"https:\\\/\\\/intense-boutikhotel.com\\\/#organization\"},\"alternateName\":\"H\u00f4tel Intense Port-Vendres\",\"potentialAction\":[{\"@type\":\"SearchAction\",\"target\":{\"@type\":\"EntryPoint\",\"urlTemplate\":\"https:\\\/\\\/intense-boutikhotel.com\\\/?s={search_term_string}\"},\"query-input\":{\"@type\":\"PropertyValueSpecification\",\"valueRequired\":true,\"valueName\":\"search_term_string\"}}],\"inLanguage\":\"fr-FR\"},{\"@type\":\"Organization\",\"@id\":\"https:\\\/\\\/intense-boutikhotel.com\\\/#organization\",\"name\":\"Intense - Boutik H\u00f4tel\",\"url\":\"https:\\\/\\\/intense-boutikhotel.com\\\/\",\"logo\":{\"@type\":\"ImageObject\",\"inLanguage\":\"fr-FR\",\"@id\":\"https:\\\/\\\/intense-boutikhotel.com\\\/#\\\/schema\\\/logo\\\/image\\\/\",\"url\":\"https:\\\/\\\/intense-boutikhotel.com\\\/wp-content\\\/uploads\\\/2022\\\/05\\\/cropped-LOGO-OFFICIEL-plus-epais-PNG.png\",\"contentUrl\":\"https:\\\/\\\/intense-boutikhotel.com\\\/wp-content\\\/uploads\\\/2022\\\/05\\\/cropped-LOGO-OFFICIEL-plus-epais-PNG.png\",\"width\":512,\"height\":512,\"caption\":\"Intense - Boutik H\u00f4tel\"},\"image\":{\"@id\":\"https:\\\/\\\/intense-boutikhotel.com\\\/#\\\/schema\\\/logo\\\/image\\\/\"},\"sameAs\":[\"https:\\\/\\\/www.facebook.com\\\/intenseboutikhotel\"]}]}<\/script>\n<!-- \/ Yoast SEO plugin. -->","yoast_head_json":{"title":"Nautical activities - Intense - Boutik H\u00f4tel","description":"H\u00f4tel de charme en plein c\u0153ur d'un petit village de p\u00e9cheur pittoresque sur la c\u00f4te Catalane: Port Vendres. Un lieu de qui\u00e9tude et de s\u00e9r\u00e9nit\u00e9 tout pr\u00e8s de Perpignan.","robots":{"index":"index","follow":"follow","max-snippet":"max-snippet:-1","max-image-preview":"max-image-preview:large","max-video-preview":"max-video-preview:-1"},"canonical":"https:\/\/intense-boutikhotel.com\/index.php\/en\/nautical-activities\/","og_locale":"fr_FR","og_type":"article","og_title":"Nautical activities - Intense - Boutik H\u00f4tel","og_description":"H\u00f4tel de charme en plein c\u0153ur d'un petit village de p\u00e9cheur pittoresque sur la c\u00f4te Catalane: Port Vendres. Un lieu de qui\u00e9tude et de s\u00e9r\u00e9nit\u00e9 tout pr\u00e8s de Perpignan.","og_url":"https:\/\/intense-boutikhotel.com\/index.php\/en\/nautical-activities\/","og_site_name":"Intense - Boutik H\u00f4tel","article_publisher":"https:\/\/www.facebook.com\/intenseboutikhotel","article_modified_time":"2023-10-30T15:50:59+00:00","twitter_card":"summary_large_image","schema":{"@context":"https:\/\/schema.org","@graph":[{"@type":"WebPage","@id":"https:\/\/intense-boutikhotel.com\/index.php\/en\/nautical-activities\/","url":"https:\/\/intense-boutikhotel.com\/index.php\/en\/nautical-activities\/","name":"Nautical activities - Intense - Boutik H\u00f4tel","isPartOf":{"@id":"https:\/\/intense-boutikhotel.com\/#website"},"datePublished":"2023-10-30T15:39:27+00:00","dateModified":"2023-10-30T15:50:59+00:00","description":"H\u00f4tel de charme en plein c\u0153ur d'un petit village de p\u00e9cheur pittoresque sur la c\u00f4te Catalane: Port Vendres. Un lieu de qui\u00e9tude et de s\u00e9r\u00e9nit\u00e9 tout pr\u00e8s de Perpignan.","breadcrumb":{"@id":"https:\/\/intense-boutikhotel.com\/index.php\/en\/nautical-activities\/#breadcrumb"},"inLanguage":"fr-FR","potentialAction":[{"@type":"ReadAction","target":["https:\/\/intense-boutikhotel.com\/index.php\/en\/nautical-activities\/"]}]},{"@type":"BreadcrumbList","@id":"https:\/\/intense-boutikhotel.com\/index.php\/en\/nautical-activities\/#breadcrumb","itemListElement":[{"@type":"ListItem","position":1,"name":"Accueil","item":"https:\/\/intense-boutikhotel.com\/"},{"@type":"ListItem","position":2,"name":"Nautical activities"}]},{"@type":"WebSite","@id":"https:\/\/intense-boutikhotel.com\/#website","url":"https:\/\/intense-boutikhotel.com\/","name":"Intense - Boutik H\u00f4tel","description":"Boutique H\u00f4tel \u00e0 Port-Vendres","publisher":{"@id":"https:\/\/intense-boutikhotel.com\/#organization"},"alternateName":"H\u00f4tel Intense Port-Vendres","potentialAction":[{"@type":"SearchAction","target":{"@type":"EntryPoint","urlTemplate":"https:\/\/intense-boutikhotel.com\/?s={search_term_string}"},"query-input":{"@type":"PropertyValueSpecification","valueRequired":true,"valueName":"search_term_string"}}],"inLanguage":"fr-FR"},{"@type":"Organization","@id":"https:\/\/intense-boutikhotel.com\/#organization","name":"Intense - Boutik H\u00f4tel","url":"https:\/\/intense-boutikhotel.com\/","logo":{"@type":"ImageObject","inLanguage":"fr-FR","@id":"https:\/\/intense-boutikhotel.com\/#\/schema\/logo\/image\/","url":"https:\/\/intense-boutikhotel.com\/wp-content\/uploads\/2022\/05\/cropped-LOGO-OFFICIEL-plus-epais-PNG.png","contentUrl":"https:\/\/intense-boutikhotel.com\/wp-content\/uploads\/2022\/05\/cropped-LOGO-OFFICIEL-plus-epais-PNG.png","width":512,"height":512,"caption":"Intense - Boutik H\u00f4tel"},"image":{"@id":"https:\/\/intense-boutikhotel.com\/#\/schema\/logo\/image\/"},"sameAs":["https:\/\/www.facebook.com\/intenseboutikhotel"]}]}},"jetpack_sharing_enabled":true,"_links":{"self":[{"href":"https:\/\/intense-boutikhotel.com\/index.php\/wp-json\/wp\/v2\/pages\/6958","targetHints":{"allow":["GET"]}}],"collection":[{"href":"https:\/\/intense-boutikhotel.com\/index.php\/wp-json\/wp\/v2\/pages"}],"about":[{"href":"https:\/\/intense-boutikhotel.com\/index.php\/wp-json\/wp\/v2\/types\/page"}],"author":[{"embeddable":true,"href":"https:\/\/intense-boutikhotel.com\/index.php\/wp-json\/wp\/v2\/users\/1"}],"replies":[{"embeddable":true,"href":"https:\/\/intense-boutikhotel.com\/index.php\/wp-json\/wp\/v2\/comments?post=6958"}],"version-history":[{"count":2,"href":"https:\/\/intense-boutikhotel.com\/index.php\/wp-json\/wp\/v2\/pages\/6958\/revisions"}],"predecessor-version":[{"id":6961,"href":"https:\/\/intense-boutikhotel.com\/index.php\/wp-json\/wp\/v2\/pages\/6958\/revisions\/6961"}],"wp:attachment":[{"href":"https:\/\/intense-boutikhotel.com\/index.php\/wp-json\/wp\/v2\/media?parent=6958"}],"curies":[{"name":"wp","href":"https:\/\/api.w.org\/{rel}","templated":true}]}}