{"id":6968,"date":"2023-10-30T17:06:23","date_gmt":"2023-10-30T16:06:23","guid":{"rendered":"https:\/\/intense-boutikhotel.com\/?page_id=6968"},"modified":"2023-10-30T17:08:50","modified_gmt":"2023-10-30T16:08:50","slug":"our-region-in-photos","status":"publish","type":"page","link":"https:\/\/intense-boutikhotel.com\/index.php\/en\/our-region-in-photos\/","title":{"rendered":"Our region in photos"},"content":{"rendered":"<p>[et_pb_section fb_built=\u00a0\u00bb1&Prime; theme_builder_area=\u00a0\u00bbpost_content\u00a0\u00bb _builder_version=\u00a0\u00bb4.23&Prime; _module_preset=\u00a0\u00bbdefault\u00a0\u00bb][et_pb_row _builder_version=\u00a0\u00bb4.22.1&Prime; _module_preset=\u00a0\u00bbdefault\u00a0\u00bb custom_margin=\u00a0\u00bb25px||||false|false\u00a0\u00bb global_colors_info=\u00a0\u00bb{}\u00a0\u00bb theme_builder_area=\u00a0\u00bbpost_content\u00a0\u00bb][et_pb_column type=\u00a0\u00bb4_4&Prime; _builder_version=\u00a0\u00bb4.22.1&Prime; _module_preset=\u00a0\u00bbdefault\u00a0\u00bb global_colors_info=\u00a0\u00bb{}\u00a0\u00bb theme_builder_area=\u00a0\u00bbpost_content\u00a0\u00bb][et_pb_gallery gallery_ids=\u00a0\u00bb6833,6834,6835,6836,6837,6838,6839,6840,6841,6842,6843,6844,6845,6846,6847,6848,6849,6850,6851,6852,6853,6854,6855,6856,6857,6858,6859,6860,6861,6862,6863,6864,6865,6866,6867,6868,6869,6870,6871,6872,6873,6874,6875,6876,6877,6878,6879,6880,6881,6882,6883,6884,6885,6886,6887,6888,6889,6890,6891,6892,6893,6894,6895,6896,6897,6898,6899,6900,6901,6902,6903,6904&Prime; posts_number=\u00a0\u00bb12&Prime; show_title_and_caption=\u00a0\u00bboff\u00a0\u00bb _builder_version=\u00a0\u00bb4.22.1&Prime; _module_preset=\u00a0\u00bbdefault\u00a0\u00bb global_colors_info=\u00a0\u00bb{}\u00a0\u00bb theme_builder_area=\u00a0\u00bbpost_content\u00a0\u00bb][\/et_pb_gallery][\/et_pb_column][\/et_pb_row][\/et_pb_section]<\/p>\n","protected":false},"excerpt":{"rendered":"","protected":false},"author":1,"featured_media":0,"parent":0,"menu_order":0,"comment_status":"closed","ping_status":"closed","template":"","meta":{"_et_pb_use_builder":"on","_et_pb_old_content":"","_et_gb_content_width":"","footnotes":""},"class_list":["post-6968","page","type-page","status-publish","hentry"],"yoast_head":"<!-- This site is optimized with the Yoast SEO plugin v27.3 - https:\/\/yoast.com\/product\/yoast-seo-wordpress\/ -->\n<title>Our region in photos - Intense - Boutik H\u00f4tel<\/title>\n<meta name=\"description\" content=\"H\u00f4tel de charme en plein c\u0153ur d&#039;un petit village de p\u00e9cheur pittoresque sur la c\u00f4te Catalane: Port Vendres. Un lieu de qui\u00e9tude et de s\u00e9r\u00e9nit\u00e9 tout pr\u00e8s de Perpignan.\" \/>\n<meta name=\"robots\" content=\"index, follow, max-snippet:-1, max-image-preview:large, max-video-preview:-1\" \/>\n<link rel=\"canonical\" href=\"https:\/\/intense-boutikhotel.com\/index.php\/en\/our-region-in-photos\/\" \/>\n<meta property=\"og:locale\" content=\"fr_FR\" \/>\n<meta property=\"og:type\" content=\"article\" \/>\n<meta property=\"og:title\" content=\"Our region in photos - Intense - Boutik H\u00f4tel\" \/>\n<meta property=\"og:description\" content=\"H\u00f4tel de charme en plein c\u0153ur d&#039;un petit village de p\u00e9cheur pittoresque sur la c\u00f4te Catalane: Port Vendres. Un lieu de qui\u00e9tude et de s\u00e9r\u00e9nit\u00e9 tout pr\u00e8s de Perpignan.\" \/>\n<meta property=\"og:url\" content=\"https:\/\/intense-boutikhotel.com\/index.php\/en\/our-region-in-photos\/\" \/>\n<meta property=\"og:site_name\" content=\"Intense - Boutik H\u00f4tel\" \/>\n<meta property=\"article:publisher\" content=\"https:\/\/www.facebook.com\/intenseboutikhotel\" \/>\n<meta property=\"article:modified_time\" content=\"2023-10-30T16:08:50+00:00\" \/>\n<meta name=\"twitter:card\" content=\"summary_large_image\" \/>\n<script type=\"application\/ld+json\" class=\"yoast-schema-graph\">{\"@context\":\"https:\\\/\\\/schema.org\",\"@graph\":[{\"@type\":\"WebPage\",\"@id\":\"https:\\\/\\\/intense-boutikhotel.com\\\/index.php\\\/en\\\/our-region-in-photos\\\/\",\"url\":\"https:\\\/\\\/intense-boutikhotel.com\\\/index.php\\\/en\\\/our-region-in-photos\\\/\",\"name\":\"Our region in photos - Intense - Boutik H\u00f4tel\",\"isPartOf\":{\"@id\":\"https:\\\/\\\/intense-boutikhotel.com\\\/#website\"},\"datePublished\":\"2023-10-30T16:06:23+00:00\",\"dateModified\":\"2023-10-30T16:08:50+00:00\",\"description\":\"H\u00f4tel de charme en plein c\u0153ur d'un petit village de p\u00e9cheur pittoresque sur la c\u00f4te Catalane: Port Vendres. Un lieu de qui\u00e9tude et de s\u00e9r\u00e9nit\u00e9 tout pr\u00e8s de Perpignan.\",\"breadcrumb\":{\"@id\":\"https:\\\/\\\/intense-boutikhotel.com\\\/index.php\\\/en\\\/our-region-in-photos\\\/#breadcrumb\"},\"inLanguage\":\"fr-FR\",\"potentialAction\":[{\"@type\":\"ReadAction\",\"target\":[\"https:\\\/\\\/intense-boutikhotel.com\\\/index.php\\\/en\\\/our-region-in-photos\\\/\"]}]},{\"@type\":\"BreadcrumbList\",\"@id\":\"https:\\\/\\\/intense-boutikhotel.com\\\/index.php\\\/en\\\/our-region-in-photos\\\/#breadcrumb\",\"itemListElement\":[{\"@type\":\"ListItem\",\"position\":1,\"name\":\"Accueil\",\"item\":\"https:\\\/\\\/intense-boutikhotel.com\\\/\"},{\"@type\":\"ListItem\",\"position\":2,\"name\":\"Our region in photos\"}]},{\"@type\":\"WebSite\",\"@id\":\"https:\\\/\\\/intense-boutikhotel.com\\\/#website\",\"url\":\"https:\\\/\\\/intense-boutikhotel.com\\\/\",\"name\":\"Intense - Boutik H\u00f4tel\",\"description\":\"Boutique H\u00f4tel \u00e0 Port-Vendres\",\"publisher\":{\"@id\":\"https:\\\/\\\/intense-boutikhotel.com\\\/#organization\"},\"alternateName\":\"H\u00f4tel Intense Port-Vendres\",\"potentialAction\":[{\"@type\":\"SearchAction\",\"target\":{\"@type\":\"EntryPoint\",\"urlTemplate\":\"https:\\\/\\\/intense-boutikhotel.com\\\/?s={search_term_string}\"},\"query-input\":{\"@type\":\"PropertyValueSpecification\",\"valueRequired\":true,\"valueName\":\"search_term_string\"}}],\"inLanguage\":\"fr-FR\"},{\"@type\":\"Organization\",\"@id\":\"https:\\\/\\\/intense-boutikhotel.com\\\/#organization\",\"name\":\"Intense - Boutik H\u00f4tel\",\"url\":\"https:\\\/\\\/intense-boutikhotel.com\\\/\",\"logo\":{\"@type\":\"ImageObject\",\"inLanguage\":\"fr-FR\",\"@id\":\"https:\\\/\\\/intense-boutikhotel.com\\\/#\\\/schema\\\/logo\\\/image\\\/\",\"url\":\"https:\\\/\\\/intense-boutikhotel.com\\\/wp-content\\\/uploads\\\/2022\\\/05\\\/cropped-LOGO-OFFICIEL-plus-epais-PNG.png\",\"contentUrl\":\"https:\\\/\\\/intense-boutikhotel.com\\\/wp-content\\\/uploads\\\/2022\\\/05\\\/cropped-LOGO-OFFICIEL-plus-epais-PNG.png\",\"width\":512,\"height\":512,\"caption\":\"Intense - Boutik H\u00f4tel\"},\"image\":{\"@id\":\"https:\\\/\\\/intense-boutikhotel.com\\\/#\\\/schema\\\/logo\\\/image\\\/\"},\"sameAs\":[\"https:\\\/\\\/www.facebook.com\\\/intenseboutikhotel\"]}]}<\/script>\n<!-- \/ Yoast SEO plugin. -->","yoast_head_json":{"title":"Our region in photos - Intense - Boutik H\u00f4tel","description":"H\u00f4tel de charme en plein c\u0153ur d'un petit village de p\u00e9cheur pittoresque sur la c\u00f4te Catalane: Port Vendres. Un lieu de qui\u00e9tude et de s\u00e9r\u00e9nit\u00e9 tout pr\u00e8s de Perpignan.","robots":{"index":"index","follow":"follow","max-snippet":"max-snippet:-1","max-image-preview":"max-image-preview:large","max-video-preview":"max-video-preview:-1"},"canonical":"https:\/\/intense-boutikhotel.com\/index.php\/en\/our-region-in-photos\/","og_locale":"fr_FR","og_type":"article","og_title":"Our region in photos - Intense - Boutik H\u00f4tel","og_description":"H\u00f4tel de charme en plein c\u0153ur d'un petit village de p\u00e9cheur pittoresque sur la c\u00f4te Catalane: Port Vendres. Un lieu de qui\u00e9tude et de s\u00e9r\u00e9nit\u00e9 tout pr\u00e8s de Perpignan.","og_url":"https:\/\/intense-boutikhotel.com\/index.php\/en\/our-region-in-photos\/","og_site_name":"Intense - Boutik H\u00f4tel","article_publisher":"https:\/\/www.facebook.com\/intenseboutikhotel","article_modified_time":"2023-10-30T16:08:50+00:00","twitter_card":"summary_large_image","schema":{"@context":"https:\/\/schema.org","@graph":[{"@type":"WebPage","@id":"https:\/\/intense-boutikhotel.com\/index.php\/en\/our-region-in-photos\/","url":"https:\/\/intense-boutikhotel.com\/index.php\/en\/our-region-in-photos\/","name":"Our region in photos - Intense - Boutik H\u00f4tel","isPartOf":{"@id":"https:\/\/intense-boutikhotel.com\/#website"},"datePublished":"2023-10-30T16:06:23+00:00","dateModified":"2023-10-30T16:08:50+00:00","description":"H\u00f4tel de charme en plein c\u0153ur d'un petit village de p\u00e9cheur pittoresque sur la c\u00f4te Catalane: Port Vendres. Un lieu de qui\u00e9tude et de s\u00e9r\u00e9nit\u00e9 tout pr\u00e8s de Perpignan.","breadcrumb":{"@id":"https:\/\/intense-boutikhotel.com\/index.php\/en\/our-region-in-photos\/#breadcrumb"},"inLanguage":"fr-FR","potentialAction":[{"@type":"ReadAction","target":["https:\/\/intense-boutikhotel.com\/index.php\/en\/our-region-in-photos\/"]}]},{"@type":"BreadcrumbList","@id":"https:\/\/intense-boutikhotel.com\/index.php\/en\/our-region-in-photos\/#breadcrumb","itemListElement":[{"@type":"ListItem","position":1,"name":"Accueil","item":"https:\/\/intense-boutikhotel.com\/"},{"@type":"ListItem","position":2,"name":"Our region in photos"}]},{"@type":"WebSite","@id":"https:\/\/intense-boutikhotel.com\/#website","url":"https:\/\/intense-boutikhotel.com\/","name":"Intense - Boutik H\u00f4tel","description":"Boutique H\u00f4tel \u00e0 Port-Vendres","publisher":{"@id":"https:\/\/intense-boutikhotel.com\/#organization"},"alternateName":"H\u00f4tel Intense Port-Vendres","potentialAction":[{"@type":"SearchAction","target":{"@type":"EntryPoint","urlTemplate":"https:\/\/intense-boutikhotel.com\/?s={search_term_string}"},"query-input":{"@type":"PropertyValueSpecification","valueRequired":true,"valueName":"search_term_string"}}],"inLanguage":"fr-FR"},{"@type":"Organization","@id":"https:\/\/intense-boutikhotel.com\/#organization","name":"Intense - Boutik H\u00f4tel","url":"https:\/\/intense-boutikhotel.com\/","logo":{"@type":"ImageObject","inLanguage":"fr-FR","@id":"https:\/\/intense-boutikhotel.com\/#\/schema\/logo\/image\/","url":"https:\/\/intense-boutikhotel.com\/wp-content\/uploads\/2022\/05\/cropped-LOGO-OFFICIEL-plus-epais-PNG.png","contentUrl":"https:\/\/intense-boutikhotel.com\/wp-content\/uploads\/2022\/05\/cropped-LOGO-OFFICIEL-plus-epais-PNG.png","width":512,"height":512,"caption":"Intense - Boutik H\u00f4tel"},"image":{"@id":"https:\/\/intense-boutikhotel.com\/#\/schema\/logo\/image\/"},"sameAs":["https:\/\/www.facebook.com\/intenseboutikhotel"]}]}},"jetpack_sharing_enabled":true,"_links":{"self":[{"href":"https:\/\/intense-boutikhotel.com\/index.php\/wp-json\/wp\/v2\/pages\/6968","targetHints":{"allow":["GET"]}}],"collection":[{"href":"https:\/\/intense-boutikhotel.com\/index.php\/wp-json\/wp\/v2\/pages"}],"about":[{"href":"https:\/\/intense-boutikhotel.com\/index.php\/wp-json\/wp\/v2\/types\/page"}],"author":[{"embeddable":true,"href":"https:\/\/intense-boutikhotel.com\/index.php\/wp-json\/wp\/v2\/users\/1"}],"replies":[{"embeddable":true,"href":"https:\/\/intense-boutikhotel.com\/index.php\/wp-json\/wp\/v2\/comments?post=6968"}],"version-history":[{"count":2,"href":"https:\/\/intense-boutikhotel.com\/index.php\/wp-json\/wp\/v2\/pages\/6968\/revisions"}],"predecessor-version":[{"id":6972,"href":"https:\/\/intense-boutikhotel.com\/index.php\/wp-json\/wp\/v2\/pages\/6968\/revisions\/6972"}],"wp:attachment":[{"href":"https:\/\/intense-boutikhotel.com\/index.php\/wp-json\/wp\/v2\/media?parent=6968"}],"curies":[{"name":"wp","href":"https:\/\/api.w.org\/{rel}","templated":true}]}}