{"id":7022,"date":"2025-03-03T10:12:21","date_gmt":"2025-03-03T09:12:21","guid":{"rendered":"https:\/\/intense-boutikhotel.com\/?page_id=7022"},"modified":"2025-03-03T10:19:01","modified_gmt":"2025-03-03T09:19:01","slug":"parcellere-2","status":"publish","type":"page","link":"https:\/\/intense-boutikhotel.com\/index.php\/en\/parcellere-2\/","title":{"rendered":"Parcell\u00e8re"},"content":{"rendered":"<p>[et_pb_section fb_built=\u00a0\u00bb1&Prime; _builder_version=\u00a0\u00bb4.22.1&Prime; _module_preset=\u00a0\u00bbdefault\u00a0\u00bb global_colors_info=\u00a0\u00bb{}\u00a0\u00bb theme_builder_area=\u00a0\u00bbpost_content\u00a0\u00bb][et_pb_row column_structure=\u00a0\u00bb1_2,1_2&Prime; _builder_version=\u00a0\u00bb4.23.1&Prime; _module_preset=\u00a0\u00bbdefault\u00a0\u00bb custom_margin=\u00a0\u00bb50px||50px||false|false\u00a0\u00bb global_colors_info=\u00a0\u00bb{}\u00a0\u00bb theme_builder_area=\u00a0\u00bbpost_content\u00a0\u00bb][et_pb_column type=\u00a0\u00bb1_2&Prime; _builder_version=\u00a0\u00bb4.22.1&Prime; _module_preset=\u00a0\u00bbdefault\u00a0\u00bb global_colors_info=\u00a0\u00bb{}\u00a0\u00bb theme_builder_area=\u00a0\u00bbpost_content\u00a0\u00bb][et_pb_text _builder_version=\u00a0\u00bb4.23.1&Prime; _module_preset=\u00a0\u00bbdefault\u00a0\u00bb text_font=\u00a0\u00bbDanis||||||||\u00a0\u00bb text_font_size=\u00a0\u00bb80px\u00a0\u00bb text_line_height=\u00a0\u00bb1.2em\u00a0\u00bb header_font=\u00a0\u00bbDanis||||||||\u00a0\u00bb header_font_size=\u00a0\u00bb80px\u00a0\u00bb hover_enabled=\u00a0\u00bb0&Prime; global_colors_info=\u00a0\u00bb{}\u00a0\u00bb theme_builder_area=\u00a0\u00bbpost_content\u00a0\u00bb sticky_enabled=\u00a0\u00bb0&Prime;]<\/p>\n<h1><span>Discover\u00a0 <\/span><span><img decoding=\"async\" src=\"https:\/\/intense-boutikhotel.com\/wp-content\/uploads\/2025\/02\/Capture-decran-le-2025-02-28-a-14.31.08-300x87.png\" width=\"175\" height=\"51\" alt=\"\" class=\"wp-image-7010 alignnone size-medium\" \/><\/span><\/h1>\n<p>[\/et_pb_text][et_pb_text _builder_version=\u00a0\u00bb4.23.1&Prime; _module_preset=\u00a0\u00bbdefault\u00a0\u00bb text_font=\u00a0\u00bbPoppins|300|||||||\u00a0\u00bb text_font_size=\u00a0\u00bb23px\u00a0\u00bb text_line_height=\u00a0\u00bb1.8em\u00a0\u00bb custom_padding=\u00a0\u00bb||||false|false\u00a0\u00bb hover_enabled=\u00a0\u00bb0&Prime; global_colors_info=\u00a0\u00bb{}\u00a0\u00bb theme_builder_area=\u00a0\u00bbpost_content\u00a0\u00bb sticky_enabled=\u00a0\u00bb0&Prime;]<\/p>\n<p>A unique wine experience.<\/p>\n<p>\u2714\ufe0f Become the symbolic owner of your row of vines from 500\u20ac\/year.<\/p>\n<p>\u2714\ufe0f Get your personalized bottles.<\/p>\n<p>\u2714\ufe0f 3 free days on the plot with Bras\u00e9ro area.<\/p>\n<p>\u2714\ufe0f 1 exclusive invitation among our different events.<\/p>\n<p>\u2714\ufe0f 10% at Intense Boutik H\u00f4tel and the cellar\/boutik area.<\/p>\n<p>\u2714\ufe0f Take part in the harvest!<\/p>\n<p>&nbsp;<\/p>\n<h2 style=\"text-align: left;\">\ud83c\udf77 Cru Collioure\/Banyuls<\/h2>\n<p style=\"text-align: left;\"><strong><\/strong><\/p>\n<p style=\"text-align: left;\"><strong>Info : <\/strong><\/p>\n<p style=\"text-align: left;\">\ud83d\udcde <a href=\"tel:07.87.54.66.11\">07.87.54.66.11<\/a><\/p>\n<p style=\"text-align: left;\">\ud83d\udce9 <a href=\"mailto:parcellere6@gmail.com\">parcellere6@gmail.com<\/a><\/p>\n<p>[\/et_pb_text][\/et_pb_column][et_pb_column type=\u00a0\u00bb1_2&Prime; _builder_version=\u00a0\u00bb4.22.1&Prime; _module_preset=\u00a0\u00bbdefault\u00a0\u00bb global_colors_info=\u00a0\u00bb{}\u00a0\u00bb theme_builder_area=\u00a0\u00bbpost_content\u00a0\u00bb][et_pb_image src=\u00a0\u00bbhttps:\/\/intense-boutikhotel.com\/wp-content\/uploads\/2025\/02\/20220730_100241.png\u00a0\u00bb title_text=\u00a0\u00bb20220730_100241&Prime; align=\u00a0\u00bbcenter\u00a0\u00bb _builder_version=\u00a0\u00bb4.23.1&Prime; _module_preset=\u00a0\u00bbdefault\u00a0\u00bb width=\u00a0\u00bb100%\u00a0\u00bb module_alignment=\u00a0\u00bbcenter\u00a0\u00bb custom_padding=\u00a0\u00bb||||false|false\u00a0\u00bb global_colors_info=\u00a0\u00bb{}\u00a0\u00bb theme_builder_area=\u00a0\u00bbpost_content\u00a0\u00bb][\/et_pb_image][\/et_pb_column][\/et_pb_row][et_pb_row _builder_version=\u00a0\u00bb4.23.1&Prime; _module_preset=\u00a0\u00bbdefault\u00a0\u00bb global_colors_info=\u00a0\u00bb{}\u00a0\u00bb theme_builder_area=\u00a0\u00bbpost_content\u00a0\u00bb][et_pb_column type=\u00a0\u00bb4_4&Prime; _builder_version=\u00a0\u00bb4.23.1&Prime; _module_preset=\u00a0\u00bbdefault\u00a0\u00bb global_colors_info=\u00a0\u00bb{}\u00a0\u00bb theme_builder_area=\u00a0\u00bbpost_content\u00a0\u00bb][et_pb_image src=\u00a0\u00bbhttps:\/\/intense-boutikhotel.com\/wp-content\/uploads\/2025\/02\/Capture-decran-le-2025-02-28-a-14.31.08.png\u00a0\u00bb title_text=\u00a0\u00bbCapture d\u2019e\u0301cran, le 2025-02-28 a\u0300 14.31.08&Prime; _builder_version=\u00a0\u00bb4.23.1&Prime; _module_preset=\u00a0\u00bbdefault\u00a0\u00bb global_colors_info=\u00a0\u00bb{}\u00a0\u00bb theme_builder_area=\u00a0\u00bbpost_content\u00a0\u00bb][\/et_pb_image][\/et_pb_column][\/et_pb_row][et_pb_row _builder_version=\u00a0\u00bb4.22.1&Prime; _module_preset=\u00a0\u00bbdefault\u00a0\u00bb global_colors_info=\u00a0\u00bb{}\u00a0\u00bb theme_builder_area=\u00a0\u00bbpost_content\u00a0\u00bb][et_pb_column type=\u00a0\u00bb4_4&Prime; _builder_version=\u00a0\u00bb4.22.1&Prime; _module_preset=\u00a0\u00bbdefault\u00a0\u00bb global_colors_info=\u00a0\u00bb{}\u00a0\u00bb theme_builder_area=\u00a0\u00bbpost_content\u00a0\u00bb][et_pb_gallery gallery_ids=\u00a0\u00bb7014,7013,7012,6927&Prime; show_title_and_caption=\u00a0\u00bboff\u00a0\u00bb show_pagination=\u00a0\u00bboff\u00a0\u00bb _builder_version=\u00a0\u00bb4.23.1&Prime; _module_preset=\u00a0\u00bbdefault\u00a0\u00bb global_colors_info=\u00a0\u00bb{}\u00a0\u00bb theme_builder_area=\u00a0\u00bbpost_content\u00a0\u00bb][\/et_pb_gallery][\/et_pb_column][\/et_pb_row][\/et_pb_section]<\/p>\n","protected":false},"excerpt":{"rendered":"<p>Discover\u00a0 A unique wine experience. \u2714\ufe0f Become the symbolic owner of your row of vines from 500\u20ac\/year. \u2714\ufe0f Get your personalized bottles. \u2714\ufe0f 3 free days on the plot with Bras\u00e9ro area. \u2714\ufe0f 1 exclusive invitation among our different events. \u2714\ufe0f 10% at Intense Boutik H\u00f4tel and the cellar\/boutik area. \u2714\ufe0f Take part in the [&hellip;]<\/p>\n","protected":false},"author":1,"featured_media":0,"parent":0,"menu_order":0,"comment_status":"closed","ping_status":"closed","template":"","meta":{"_et_pb_use_builder":"on","_et_pb_old_content":"","_et_gb_content_width":"","footnotes":""},"class_list":["post-7022","page","type-page","status-publish","hentry"],"yoast_head":"<!-- This site is optimized with the Yoast SEO plugin v27.3 - https:\/\/yoast.com\/product\/yoast-seo-wordpress\/ -->\n<title>Parcell\u00e8re - Intense - Boutik H\u00f4tel<\/title>\n<meta name=\"description\" content=\"H\u00f4tel de charme en plein c\u0153ur d&#039;un petit village de p\u00e9cheur pittoresque sur la c\u00f4te Catalane: Port Vendres. Un lieu de qui\u00e9tude et de s\u00e9r\u00e9nit\u00e9 tout pr\u00e8s de Perpignan.\" \/>\n<meta name=\"robots\" content=\"index, follow, max-snippet:-1, max-image-preview:large, max-video-preview:-1\" \/>\n<link rel=\"canonical\" href=\"https:\/\/intense-boutikhotel.com\/index.php\/en\/parcellere-2\/\" \/>\n<meta property=\"og:locale\" content=\"fr_FR\" \/>\n<meta property=\"og:type\" content=\"article\" \/>\n<meta property=\"og:title\" content=\"Parcell\u00e8re - Intense - Boutik H\u00f4tel\" \/>\n<meta property=\"og:description\" content=\"H\u00f4tel de charme en plein c\u0153ur d&#039;un petit village de p\u00e9cheur pittoresque sur la c\u00f4te Catalane: Port Vendres. Un lieu de qui\u00e9tude et de s\u00e9r\u00e9nit\u00e9 tout pr\u00e8s de Perpignan.\" \/>\n<meta property=\"og:url\" content=\"https:\/\/intense-boutikhotel.com\/index.php\/en\/parcellere-2\/\" \/>\n<meta property=\"og:site_name\" content=\"Intense - Boutik H\u00f4tel\" \/>\n<meta property=\"article:publisher\" content=\"https:\/\/www.facebook.com\/intenseboutikhotel\" \/>\n<meta property=\"article:modified_time\" content=\"2025-03-03T09:19:01+00:00\" \/>\n<meta property=\"og:image\" content=\"https:\/\/intense-boutikhotel.com\/wp-content\/uploads\/2025\/02\/Capture-decran-le-2025-02-28-a-14.31.08.png\" \/>\n\t<meta property=\"og:image:width\" content=\"1012\" \/>\n\t<meta property=\"og:image:height\" content=\"294\" \/>\n\t<meta property=\"og:image:type\" content=\"image\/png\" \/>\n<meta name=\"twitter:card\" content=\"summary_large_image\" \/>\n<script type=\"application\/ld+json\" class=\"yoast-schema-graph\">{\"@context\":\"https:\\\/\\\/schema.org\",\"@graph\":[{\"@type\":\"WebPage\",\"@id\":\"https:\\\/\\\/intense-boutikhotel.com\\\/index.php\\\/en\\\/parcellere-2\\\/\",\"url\":\"https:\\\/\\\/intense-boutikhotel.com\\\/index.php\\\/en\\\/parcellere-2\\\/\",\"name\":\"Parcell\u00e8re - Intense - Boutik H\u00f4tel\",\"isPartOf\":{\"@id\":\"https:\\\/\\\/intense-boutikhotel.com\\\/#website\"},\"primaryImageOfPage\":{\"@id\":\"https:\\\/\\\/intense-boutikhotel.com\\\/index.php\\\/en\\\/parcellere-2\\\/#primaryimage\"},\"image\":{\"@id\":\"https:\\\/\\\/intense-boutikhotel.com\\\/index.php\\\/en\\\/parcellere-2\\\/#primaryimage\"},\"thumbnailUrl\":\"https:\\\/\\\/intense-boutikhotel.com\\\/wp-content\\\/uploads\\\/2025\\\/02\\\/Capture-decran-le-2025-02-28-a-14.31.08-300x87.png\",\"datePublished\":\"2025-03-03T09:12:21+00:00\",\"dateModified\":\"2025-03-03T09:19:01+00:00\",\"description\":\"H\u00f4tel de charme en plein c\u0153ur d'un petit village de p\u00e9cheur pittoresque sur la c\u00f4te Catalane: Port Vendres. Un lieu de qui\u00e9tude et de s\u00e9r\u00e9nit\u00e9 tout pr\u00e8s de Perpignan.\",\"breadcrumb\":{\"@id\":\"https:\\\/\\\/intense-boutikhotel.com\\\/index.php\\\/en\\\/parcellere-2\\\/#breadcrumb\"},\"inLanguage\":\"fr-FR\",\"potentialAction\":[{\"@type\":\"ReadAction\",\"target\":[\"https:\\\/\\\/intense-boutikhotel.com\\\/index.php\\\/en\\\/parcellere-2\\\/\"]}]},{\"@type\":\"ImageObject\",\"inLanguage\":\"fr-FR\",\"@id\":\"https:\\\/\\\/intense-boutikhotel.com\\\/index.php\\\/en\\\/parcellere-2\\\/#primaryimage\",\"url\":\"https:\\\/\\\/intense-boutikhotel.com\\\/wp-content\\\/uploads\\\/2025\\\/02\\\/Capture-decran-le-2025-02-28-a-14.31.08.png\",\"contentUrl\":\"https:\\\/\\\/intense-boutikhotel.com\\\/wp-content\\\/uploads\\\/2025\\\/02\\\/Capture-decran-le-2025-02-28-a-14.31.08.png\",\"width\":1012,\"height\":294},{\"@type\":\"BreadcrumbList\",\"@id\":\"https:\\\/\\\/intense-boutikhotel.com\\\/index.php\\\/en\\\/parcellere-2\\\/#breadcrumb\",\"itemListElement\":[{\"@type\":\"ListItem\",\"position\":1,\"name\":\"Accueil\",\"item\":\"https:\\\/\\\/intense-boutikhotel.com\\\/\"},{\"@type\":\"ListItem\",\"position\":2,\"name\":\"Parcell\u00e8re\"}]},{\"@type\":\"WebSite\",\"@id\":\"https:\\\/\\\/intense-boutikhotel.com\\\/#website\",\"url\":\"https:\\\/\\\/intense-boutikhotel.com\\\/\",\"name\":\"Intense - Boutik H\u00f4tel\",\"description\":\"Boutique H\u00f4tel \u00e0 Port-Vendres\",\"publisher\":{\"@id\":\"https:\\\/\\\/intense-boutikhotel.com\\\/#organization\"},\"alternateName\":\"H\u00f4tel Intense Port-Vendres\",\"potentialAction\":[{\"@type\":\"SearchAction\",\"target\":{\"@type\":\"EntryPoint\",\"urlTemplate\":\"https:\\\/\\\/intense-boutikhotel.com\\\/?s={search_term_string}\"},\"query-input\":{\"@type\":\"PropertyValueSpecification\",\"valueRequired\":true,\"valueName\":\"search_term_string\"}}],\"inLanguage\":\"fr-FR\"},{\"@type\":\"Organization\",\"@id\":\"https:\\\/\\\/intense-boutikhotel.com\\\/#organization\",\"name\":\"Intense - Boutik H\u00f4tel\",\"url\":\"https:\\\/\\\/intense-boutikhotel.com\\\/\",\"logo\":{\"@type\":\"ImageObject\",\"inLanguage\":\"fr-FR\",\"@id\":\"https:\\\/\\\/intense-boutikhotel.com\\\/#\\\/schema\\\/logo\\\/image\\\/\",\"url\":\"https:\\\/\\\/intense-boutikhotel.com\\\/wp-content\\\/uploads\\\/2022\\\/05\\\/cropped-LOGO-OFFICIEL-plus-epais-PNG.png\",\"contentUrl\":\"https:\\\/\\\/intense-boutikhotel.com\\\/wp-content\\\/uploads\\\/2022\\\/05\\\/cropped-LOGO-OFFICIEL-plus-epais-PNG.png\",\"width\":512,\"height\":512,\"caption\":\"Intense - Boutik H\u00f4tel\"},\"image\":{\"@id\":\"https:\\\/\\\/intense-boutikhotel.com\\\/#\\\/schema\\\/logo\\\/image\\\/\"},\"sameAs\":[\"https:\\\/\\\/www.facebook.com\\\/intenseboutikhotel\"]}]}<\/script>\n<!-- \/ Yoast SEO plugin. -->","yoast_head_json":{"title":"Parcell\u00e8re - Intense - Boutik H\u00f4tel","description":"H\u00f4tel de charme en plein c\u0153ur d'un petit village de p\u00e9cheur pittoresque sur la c\u00f4te Catalane: Port Vendres. Un lieu de qui\u00e9tude et de s\u00e9r\u00e9nit\u00e9 tout pr\u00e8s de Perpignan.","robots":{"index":"index","follow":"follow","max-snippet":"max-snippet:-1","max-image-preview":"max-image-preview:large","max-video-preview":"max-video-preview:-1"},"canonical":"https:\/\/intense-boutikhotel.com\/index.php\/en\/parcellere-2\/","og_locale":"fr_FR","og_type":"article","og_title":"Parcell\u00e8re - Intense - Boutik H\u00f4tel","og_description":"H\u00f4tel de charme en plein c\u0153ur d'un petit village de p\u00e9cheur pittoresque sur la c\u00f4te Catalane: Port Vendres. Un lieu de qui\u00e9tude et de s\u00e9r\u00e9nit\u00e9 tout pr\u00e8s de Perpignan.","og_url":"https:\/\/intense-boutikhotel.com\/index.php\/en\/parcellere-2\/","og_site_name":"Intense - Boutik H\u00f4tel","article_publisher":"https:\/\/www.facebook.com\/intenseboutikhotel","article_modified_time":"2025-03-03T09:19:01+00:00","og_image":[{"width":1012,"height":294,"url":"https:\/\/intense-boutikhotel.com\/wp-content\/uploads\/2025\/02\/Capture-decran-le-2025-02-28-a-14.31.08.png","type":"image\/png"}],"twitter_card":"summary_large_image","schema":{"@context":"https:\/\/schema.org","@graph":[{"@type":"WebPage","@id":"https:\/\/intense-boutikhotel.com\/index.php\/en\/parcellere-2\/","url":"https:\/\/intense-boutikhotel.com\/index.php\/en\/parcellere-2\/","name":"Parcell\u00e8re - Intense - Boutik H\u00f4tel","isPartOf":{"@id":"https:\/\/intense-boutikhotel.com\/#website"},"primaryImageOfPage":{"@id":"https:\/\/intense-boutikhotel.com\/index.php\/en\/parcellere-2\/#primaryimage"},"image":{"@id":"https:\/\/intense-boutikhotel.com\/index.php\/en\/parcellere-2\/#primaryimage"},"thumbnailUrl":"https:\/\/intense-boutikhotel.com\/wp-content\/uploads\/2025\/02\/Capture-decran-le-2025-02-28-a-14.31.08-300x87.png","datePublished":"2025-03-03T09:12:21+00:00","dateModified":"2025-03-03T09:19:01+00:00","description":"H\u00f4tel de charme en plein c\u0153ur d'un petit village de p\u00e9cheur pittoresque sur la c\u00f4te Catalane: Port Vendres. Un lieu de qui\u00e9tude et de s\u00e9r\u00e9nit\u00e9 tout pr\u00e8s de Perpignan.","breadcrumb":{"@id":"https:\/\/intense-boutikhotel.com\/index.php\/en\/parcellere-2\/#breadcrumb"},"inLanguage":"fr-FR","potentialAction":[{"@type":"ReadAction","target":["https:\/\/intense-boutikhotel.com\/index.php\/en\/parcellere-2\/"]}]},{"@type":"ImageObject","inLanguage":"fr-FR","@id":"https:\/\/intense-boutikhotel.com\/index.php\/en\/parcellere-2\/#primaryimage","url":"https:\/\/intense-boutikhotel.com\/wp-content\/uploads\/2025\/02\/Capture-decran-le-2025-02-28-a-14.31.08.png","contentUrl":"https:\/\/intense-boutikhotel.com\/wp-content\/uploads\/2025\/02\/Capture-decran-le-2025-02-28-a-14.31.08.png","width":1012,"height":294},{"@type":"BreadcrumbList","@id":"https:\/\/intense-boutikhotel.com\/index.php\/en\/parcellere-2\/#breadcrumb","itemListElement":[{"@type":"ListItem","position":1,"name":"Accueil","item":"https:\/\/intense-boutikhotel.com\/"},{"@type":"ListItem","position":2,"name":"Parcell\u00e8re"}]},{"@type":"WebSite","@id":"https:\/\/intense-boutikhotel.com\/#website","url":"https:\/\/intense-boutikhotel.com\/","name":"Intense - Boutik H\u00f4tel","description":"Boutique H\u00f4tel \u00e0 Port-Vendres","publisher":{"@id":"https:\/\/intense-boutikhotel.com\/#organization"},"alternateName":"H\u00f4tel Intense Port-Vendres","potentialAction":[{"@type":"SearchAction","target":{"@type":"EntryPoint","urlTemplate":"https:\/\/intense-boutikhotel.com\/?s={search_term_string}"},"query-input":{"@type":"PropertyValueSpecification","valueRequired":true,"valueName":"search_term_string"}}],"inLanguage":"fr-FR"},{"@type":"Organization","@id":"https:\/\/intense-boutikhotel.com\/#organization","name":"Intense - Boutik H\u00f4tel","url":"https:\/\/intense-boutikhotel.com\/","logo":{"@type":"ImageObject","inLanguage":"fr-FR","@id":"https:\/\/intense-boutikhotel.com\/#\/schema\/logo\/image\/","url":"https:\/\/intense-boutikhotel.com\/wp-content\/uploads\/2022\/05\/cropped-LOGO-OFFICIEL-plus-epais-PNG.png","contentUrl":"https:\/\/intense-boutikhotel.com\/wp-content\/uploads\/2022\/05\/cropped-LOGO-OFFICIEL-plus-epais-PNG.png","width":512,"height":512,"caption":"Intense - Boutik H\u00f4tel"},"image":{"@id":"https:\/\/intense-boutikhotel.com\/#\/schema\/logo\/image\/"},"sameAs":["https:\/\/www.facebook.com\/intenseboutikhotel"]}]}},"jetpack_sharing_enabled":true,"_links":{"self":[{"href":"https:\/\/intense-boutikhotel.com\/index.php\/wp-json\/wp\/v2\/pages\/7022","targetHints":{"allow":["GET"]}}],"collection":[{"href":"https:\/\/intense-boutikhotel.com\/index.php\/wp-json\/wp\/v2\/pages"}],"about":[{"href":"https:\/\/intense-boutikhotel.com\/index.php\/wp-json\/wp\/v2\/types\/page"}],"author":[{"embeddable":true,"href":"https:\/\/intense-boutikhotel.com\/index.php\/wp-json\/wp\/v2\/users\/1"}],"replies":[{"embeddable":true,"href":"https:\/\/intense-boutikhotel.com\/index.php\/wp-json\/wp\/v2\/comments?post=7022"}],"version-history":[{"count":2,"href":"https:\/\/intense-boutikhotel.com\/index.php\/wp-json\/wp\/v2\/pages\/7022\/revisions"}],"predecessor-version":[{"id":7025,"href":"https:\/\/intense-boutikhotel.com\/index.php\/wp-json\/wp\/v2\/pages\/7022\/revisions\/7025"}],"wp:attachment":[{"href":"https:\/\/intense-boutikhotel.com\/index.php\/wp-json\/wp\/v2\/media?parent=7022"}],"curies":[{"name":"wp","href":"https:\/\/api.w.org\/{rel}","templated":true}]}}